{"id":100,"date":"2021-12-06T18:04:16","date_gmt":"2021-12-06T17:04:16","guid":{"rendered":"https:\/\/morganflipper.fr\/?page_id=100"},"modified":"2022-03-11T08:54:46","modified_gmt":"2022-03-11T07:54:46","slug":"avis-et-comparatif-flipper","status":"publish","type":"page","link":"https:\/\/morganflipper.fr\/index.php\/avis-et-comparatif-flipper\/","title":{"rendered":"Morgan VS"},"content":{"rendered":"\n<p class=\"wp-block-paragraph\">Dans cette section Morgan VS , il sera question de r\u00e9aliser des <strong>comparatifs entre flippers<\/strong>. Ils nous arrivent de croiser plusieurs mod\u00e8les avec un gameplay similaire ou une circulation de bille d\u00e9j\u00e0 vue ailleurs. Quand bien m\u00eame le choix est difficile, il faut bien trancher. Le but n\u2019est pas de faire une confrontation entre un M\u00e9di\u00e9val Madness et un <a href=\"https:\/\/morganflipper.fr\/index.php\/2022\/02\/08\/test-notations-avis-flipper-gilligan-s-island-morganflipper\/\">Gilligan&rsquo;s Island<\/a>. Il s\u2019agit plut\u00f4t d&rsquo;orienter votre choix sur des mod\u00e8les proches en termes de qualit\u00e9s g\u00e9n\u00e9rales. Ainsi, il n&rsquo;est pas rare de trouver sur les forums des questions comme : entre le <a href=\"https:\/\/morganflipper.fr\/index.php\/2022\/01\/23\/test-avis-critique-notation-flipper-judge-dredd-morganflipper\/\">Judge Dredd<\/a> ou le <a href=\"https:\/\/morganflipper.fr\/index.php\/2022\/02\/01\/test-avis-notations-critique-flipper-demolition-man-morgan-morganflipper\/\">Demolition Man<\/a> quel est le meilleurs ? Ou encore entre le <a href=\"https:\/\/morganflipper.fr\/index.php\/2022\/01\/30\/test-critique-avis-flipper-road-show-morganflipper\/\">Road Show<\/a> et le <a href=\"https:\/\/morganflipper.fr\/index.php\/2022\/01\/22\/test-avis-flipper-critique-notation-funhouse-morganflipper\/\">Funhouse<\/a> ? C&rsquo;est pourquoi je propose ici <strong>un duel entre flippers aux qualit\u00e9s proches. <\/strong><\/p>\n\n\n\n<div class=\"wp-block-columns is-layout-flex wp-container-core-columns-is-layout-7387b849 wp-block-columns-is-layout-flex\">\n<div class=\"wp-block-column is-layout-flow wp-block-column-is-layout-flow\">\n<figure class=\"wp-block-image size-full\"><img loading=\"lazy\" decoding=\"async\" width=\"2560\" height=\"1699\" src=\"https:\/\/morganflipper.fr\/wp-content\/uploads\/2022\/03\/VS-scaled.jpg\" alt=\"morganflipper\" class=\"wp-image-1671\" srcset=\"https:\/\/morganflipper.fr\/wp-content\/uploads\/2022\/03\/VS-300x199.jpg 300w, https:\/\/morganflipper.fr\/wp-content\/uploads\/2022\/03\/VS-500x332.jpg 500w, https:\/\/morganflipper.fr\/wp-content\/uploads\/2022\/03\/VS-700x464.jpg 700w, https:\/\/morganflipper.fr\/wp-content\/uploads\/2022\/03\/VS-768x510.jpg 768w, https:\/\/morganflipper.fr\/wp-content\/uploads\/2022\/03\/VS-1024x679.jpg 1024w, https:\/\/morganflipper.fr\/wp-content\/uploads\/2022\/03\/VS-1536x1019.jpg 1536w, https:\/\/morganflipper.fr\/wp-content\/uploads\/2022\/03\/VS-scaled.jpg 2560w\" sizes=\"auto, (max-width: 2560px) 100vw, 2560px\" \/><figcaption>morganflipper<\/figcaption><\/figure>\n<\/div>\n\n\n\n<div class=\"wp-block-column is-layout-flow wp-block-column-is-layout-flow\">\n<p class=\"has-medium-font-size wp-block-paragraph\">Morgan VS : <a href=\"http:\/\/flipper-tales-from-the-crypt-vs-jurassic-park\/\">Tales From The Crypt VS Jurassic Park<\/a><\/p>\n\n\n\n<p class=\"wp-block-paragraph\">Deux flippers de la m\u00eame marque et d\u2019une gamme similaire.<br>Proposant des \u00e9l\u00e9ments identiques&nbsp;: Shaker, Topper, 3 batteurs, missions \u00e0 foison\u2026 <strong>Il est donc l\u00e9gitime de se poser la question&nbsp;: si j\u2019avais le choix entre les deux\u2026 La blonde ou la brune&nbsp;?<\/strong> <strong><a href=\"https:\/\/morganflipper.fr\/index.php\/2022\/01\/03\/flipper-tales-from-the-crypt-vs-jurassic-park-morganflipper\/\">Lire la suite&#8230;<\/a><\/strong><\/p>\n<\/div>\n<\/div>\n\n\n\n<div class=\"wp-block-columns is-layout-flex wp-container-core-columns-is-layout-7387b849 wp-block-columns-is-layout-flex\">\n<div class=\"wp-block-column is-layout-flow wp-block-column-is-layout-flow\">\n<figure class=\"wp-block-image size-full\"><img loading=\"lazy\" decoding=\"async\" width=\"2560\" height=\"1688\" src=\"https:\/\/morganflipper.fr\/wp-content\/uploads\/2022\/03\/VS-T2-LW3-scaled.jpg\" alt=\"morganflipper\" class=\"wp-image-1672\" srcset=\"https:\/\/morganflipper.fr\/wp-content\/uploads\/2022\/03\/VS-T2-LW3-300x198.jpg 300w, https:\/\/morganflipper.fr\/wp-content\/uploads\/2022\/03\/VS-T2-LW3-500x330.jpg 500w, https:\/\/morganflipper.fr\/wp-content\/uploads\/2022\/03\/VS-T2-LW3-700x461.jpg 700w, https:\/\/morganflipper.fr\/wp-content\/uploads\/2022\/03\/VS-T2-LW3-768x506.jpg 768w, https:\/\/morganflipper.fr\/wp-content\/uploads\/2022\/03\/VS-T2-LW3-1024x675.jpg 1024w, https:\/\/morganflipper.fr\/wp-content\/uploads\/2022\/03\/VS-T2-LW3-1536x1013.jpg 1536w, https:\/\/morganflipper.fr\/wp-content\/uploads\/2022\/03\/VS-T2-LW3-scaled.jpg 2560w\" sizes=\"auto, (max-width: 2560px) 100vw, 2560px\" \/><figcaption>morganflipper<\/figcaption><\/figure>\n<\/div>\n\n\n\n<div class=\"wp-block-column is-layout-flow wp-block-column-is-layout-flow\">\n<p class=\"has-medium-font-size wp-block-paragraph\">Morgan VS : <a href=\"https:\/\/morganflipper.fr\/index.php\/2021\/12\/06\/terminator-2-vs-lethal-weapon-3\/\">Terminator 2 VS Lethal Weapon 3<\/a><\/p>\n\n\n\n<p class=\"wp-block-paragraph\">Le Terminator 2 1991 de la marque Williams contre le Lethal Weapon 3 de la marque Data East 1992. <br>L\u2019acier contre le feu\u2026de quoi se forger une id\u00e9e&nbsp;!Il s\u2019agit de deux titres bas\u00e9s sur des licences fortes. Certain pr\u00e9f\u00e8rent les flippers sans th\u00e8me existant, laissant les designers avoir libre cours \u00e0 leur imagination. <strong><a href=\"https:\/\/morganflipper.fr\/index.php\/2021\/12\/06\/terminator-2-vs-lethal-weapon-3-morganflipper\/\">Lire la suite&#8230;<\/a><\/strong><\/p>\n<\/div>\n<\/div>\n\n\n\n<div class=\"wp-block-columns is-layout-flex wp-container-core-columns-is-layout-7387b849 wp-block-columns-is-layout-flex\">\n<div class=\"wp-block-column is-layout-flow wp-block-column-is-layout-flow\">\n<figure class=\"wp-block-image size-large\"><img loading=\"lazy\" decoding=\"async\" width=\"1024\" height=\"677\" src=\"https:\/\/morganflipper.fr\/wp-content\/uploads\/2022\/03\/VS-DM-JD-1024x677.jpg\" alt=\"morganflipper\" class=\"wp-image-1673\" srcset=\"https:\/\/morganflipper.fr\/wp-content\/uploads\/2022\/03\/VS-DM-JD-300x198.jpg 300w, https:\/\/morganflipper.fr\/wp-content\/uploads\/2022\/03\/VS-DM-JD-500x331.jpg 500w, https:\/\/morganflipper.fr\/wp-content\/uploads\/2022\/03\/VS-DM-JD-700x463.jpg 700w, https:\/\/morganflipper.fr\/wp-content\/uploads\/2022\/03\/VS-DM-JD-768x508.jpg 768w, https:\/\/morganflipper.fr\/wp-content\/uploads\/2022\/03\/VS-DM-JD-1024x677.jpg 1024w, https:\/\/morganflipper.fr\/wp-content\/uploads\/2022\/03\/VS-DM-JD-1536x1015.jpg 1536w\" sizes=\"auto, (max-width: 1024px) 100vw, 1024px\" \/><figcaption>morganflipper<\/figcaption><\/figure>\n<\/div>\n\n\n\n<div class=\"wp-block-column is-layout-flow wp-block-column-is-layout-flow\">\n<p class=\"has-medium-font-size wp-block-paragraph\">Morgan VS : <a href=\"https:\/\/morganflipper.fr\/index.php\/2022\/02\/15\/morganflipper-flipper-versus-clash-shodown-vs-avis-comparatif-demolition-dredd\/\">Demolition Man VS Judge Dredd<\/a><\/p>\n\n\n\n<p class=\"wp-block-paragraph\">Place au combat de titans&nbsp;: Le flic de Los Angeles contre le Juge de Mega-City One, avouez, \u00e7a donne envie\u2026 et \u00e7a va faire des d\u00e9g\u00e2ts\u2026<br>L\u2019histoire veut que Stallone incarne les 2 justiciers m\u00eame si, je vous le rappelle, le flipper Judge Dredd est une adaptation du comics et non du film.<strong> <a href=\"https:\/\/morganflipper.fr\/index.php\/2022\/02\/15\/morganflipper-flipper-versus-clash-shodown-vs-avis-comparatif-demolition-dredd\/\">Lire la suite&#8230;<\/a><\/strong><\/p>\n<\/div>\n<\/div>\n","protected":false},"excerpt":{"rendered":"<p>Dans cette section Morgan VS , il sera question de r\u00e9aliser des comparatifs entre flippers. Ils nous arrivent de croiser<\/p>\n","protected":false},"author":1,"featured_media":0,"parent":0,"menu_order":0,"comment_status":"closed","ping_status":"closed","template":"","meta":{"colormag_page_container_layout":"no_sidebar_full_width","colormag_page_sidebar_layout":"right_sidebar","_crdt_document":"","footnotes":""},"class_list":["post-100","page","type-page","status-publish","hentry"],"yoast_head":"<!-- This site is optimized with the Yoast SEO plugin v27.5 - https:\/\/yoast.com\/product\/yoast-seo-wordpress\/ -->\n<title>Morgan VS - Morgan Flipper<\/title>\n<meta name=\"description\" content=\"Un comparatif flipper sur les points forts et faibles. Pour faciliter votre avis\/choix je propose un Morgan Vs un duel un Clash un Shodown.\" \/>\n<meta name=\"robots\" content=\"index, follow, max-snippet:-1, max-image-preview:large, max-video-preview:-1\" \/>\n<link rel=\"canonical\" href=\"https:\/\/morganflipper.fr\/index.php\/avis-et-comparatif-flipper\/\" \/>\n<meta property=\"og:locale\" content=\"fr_FR\" \/>\n<meta property=\"og:type\" content=\"article\" \/>\n<meta property=\"og:title\" content=\"Morgan VS - Morgan Flipper\" \/>\n<meta property=\"og:description\" content=\"Un comparatif flipper sur les points forts et faibles. Pour faciliter votre avis\/choix je propose un Morgan Vs un duel un Clash un Shodown.\" \/>\n<meta property=\"og:url\" content=\"https:\/\/morganflipper.fr\/index.php\/avis-et-comparatif-flipper\/\" \/>\n<meta property=\"og:site_name\" content=\"Morgan Flipper\" \/>\n<meta property=\"article:modified_time\" content=\"2022-03-11T07:54:46+00:00\" \/>\n<meta property=\"og:image\" content=\"https:\/\/morganflipper.fr\/wp-content\/uploads\/2022\/03\/VS-scaled.jpg\" \/>\n<meta name=\"twitter:card\" content=\"summary_large_image\" \/>\n<meta name=\"twitter:label1\" content=\"Dur\u00e9e de lecture estim\u00e9e\" \/>\n\t<meta name=\"twitter:data1\" content=\"3 minutes\" \/>\n<script type=\"application\/ld+json\" class=\"yoast-schema-graph\">{\"@context\":\"https:\\\/\\\/schema.org\",\"@graph\":[{\"@type\":\"WebPage\",\"@id\":\"https:\\\/\\\/morganflipper.fr\\\/index.php\\\/avis-et-comparatif-flipper\\\/\",\"url\":\"https:\\\/\\\/morganflipper.fr\\\/index.php\\\/avis-et-comparatif-flipper\\\/\",\"name\":\"Morgan VS - Morgan Flipper\",\"isPartOf\":{\"@id\":\"https:\\\/\\\/morganflipper.fr\\\/#website\"},\"primaryImageOfPage\":{\"@id\":\"https:\\\/\\\/morganflipper.fr\\\/index.php\\\/avis-et-comparatif-flipper\\\/#primaryimage\"},\"image\":{\"@id\":\"https:\\\/\\\/morganflipper.fr\\\/index.php\\\/avis-et-comparatif-flipper\\\/#primaryimage\"},\"thumbnailUrl\":\"https:\\\/\\\/morganflipper.fr\\\/wp-content\\\/uploads\\\/2022\\\/03\\\/VS-scaled.jpg\",\"datePublished\":\"2021-12-06T17:04:16+00:00\",\"dateModified\":\"2022-03-11T07:54:46+00:00\",\"description\":\"Un comparatif flipper sur les points forts et faibles. Pour faciliter votre avis\\\/choix je propose un Morgan Vs un duel un Clash un Shodown.\",\"breadcrumb\":{\"@id\":\"https:\\\/\\\/morganflipper.fr\\\/index.php\\\/avis-et-comparatif-flipper\\\/#breadcrumb\"},\"inLanguage\":\"fr-FR\",\"potentialAction\":[{\"@type\":\"ReadAction\",\"target\":[\"https:\\\/\\\/morganflipper.fr\\\/index.php\\\/avis-et-comparatif-flipper\\\/\"]}]},{\"@type\":\"ImageObject\",\"inLanguage\":\"fr-FR\",\"@id\":\"https:\\\/\\\/morganflipper.fr\\\/index.php\\\/avis-et-comparatif-flipper\\\/#primaryimage\",\"url\":\"https:\\\/\\\/morganflipper.fr\\\/wp-content\\\/uploads\\\/2022\\\/03\\\/VS-scaled.jpg\",\"contentUrl\":\"https:\\\/\\\/morganflipper.fr\\\/wp-content\\\/uploads\\\/2022\\\/03\\\/VS-scaled.jpg\",\"width\":2560,\"height\":1699},{\"@type\":\"BreadcrumbList\",\"@id\":\"https:\\\/\\\/morganflipper.fr\\\/index.php\\\/avis-et-comparatif-flipper\\\/#breadcrumb\",\"itemListElement\":[{\"@type\":\"ListItem\",\"position\":1,\"name\":\"Accueil\",\"item\":\"https:\\\/\\\/morganflipper.fr\\\/\"},{\"@type\":\"ListItem\",\"position\":2,\"name\":\"Morgan VS\"}]},{\"@type\":\"WebSite\",\"@id\":\"https:\\\/\\\/morganflipper.fr\\\/#website\",\"url\":\"https:\\\/\\\/morganflipper.fr\\\/\",\"name\":\"Morgan Flipper\",\"description\":\"\",\"publisher\":{\"@id\":\"https:\\\/\\\/morganflipper.fr\\\/#organization\"},\"potentialAction\":[{\"@type\":\"SearchAction\",\"target\":{\"@type\":\"EntryPoint\",\"urlTemplate\":\"https:\\\/\\\/morganflipper.fr\\\/?s={search_term_string}\"},\"query-input\":{\"@type\":\"PropertyValueSpecification\",\"valueRequired\":true,\"valueName\":\"search_term_string\"}}],\"inLanguage\":\"fr-FR\"},{\"@type\":\"Organization\",\"@id\":\"https:\\\/\\\/morganflipper.fr\\\/#organization\",\"name\":\"Morgan Flipper\",\"url\":\"https:\\\/\\\/morganflipper.fr\\\/\",\"logo\":{\"@type\":\"ImageObject\",\"inLanguage\":\"fr-FR\",\"@id\":\"https:\\\/\\\/morganflipper.fr\\\/#\\\/schema\\\/logo\\\/image\\\/\",\"url\":\"https:\\\/\\\/morganflipper.fr\\\/wp-content\\\/uploads\\\/2021\\\/12\\\/cropped-cropped-Illustration_sans_titre-1-e1639147858641.png\",\"contentUrl\":\"https:\\\/\\\/morganflipper.fr\\\/wp-content\\\/uploads\\\/2021\\\/12\\\/cropped-cropped-Illustration_sans_titre-1-e1639147858641.png\",\"width\":100,\"height\":100,\"caption\":\"Morgan Flipper\"},\"image\":{\"@id\":\"https:\\\/\\\/morganflipper.fr\\\/#\\\/schema\\\/logo\\\/image\\\/\"}}]}<\/script>\n<!-- \/ Yoast SEO plugin. -->","yoast_head_json":{"title":"Morgan VS - Morgan Flipper","description":"Un comparatif flipper sur les points forts et faibles. Pour faciliter votre avis\/choix je propose un Morgan Vs un duel un Clash un Shodown.","robots":{"index":"index","follow":"follow","max-snippet":"max-snippet:-1","max-image-preview":"max-image-preview:large","max-video-preview":"max-video-preview:-1"},"canonical":"https:\/\/morganflipper.fr\/index.php\/avis-et-comparatif-flipper\/","og_locale":"fr_FR","og_type":"article","og_title":"Morgan VS - Morgan Flipper","og_description":"Un comparatif flipper sur les points forts et faibles. Pour faciliter votre avis\/choix je propose un Morgan Vs un duel un Clash un Shodown.","og_url":"https:\/\/morganflipper.fr\/index.php\/avis-et-comparatif-flipper\/","og_site_name":"Morgan Flipper","article_modified_time":"2022-03-11T07:54:46+00:00","og_image":[{"url":"https:\/\/morganflipper.fr\/wp-content\/uploads\/2022\/03\/VS-scaled.jpg","type":"","width":"","height":""}],"twitter_card":"summary_large_image","twitter_misc":{"Dur\u00e9e de lecture estim\u00e9e":"3 minutes"},"schema":{"@context":"https:\/\/schema.org","@graph":[{"@type":"WebPage","@id":"https:\/\/morganflipper.fr\/index.php\/avis-et-comparatif-flipper\/","url":"https:\/\/morganflipper.fr\/index.php\/avis-et-comparatif-flipper\/","name":"Morgan VS - Morgan Flipper","isPartOf":{"@id":"https:\/\/morganflipper.fr\/#website"},"primaryImageOfPage":{"@id":"https:\/\/morganflipper.fr\/index.php\/avis-et-comparatif-flipper\/#primaryimage"},"image":{"@id":"https:\/\/morganflipper.fr\/index.php\/avis-et-comparatif-flipper\/#primaryimage"},"thumbnailUrl":"https:\/\/morganflipper.fr\/wp-content\/uploads\/2022\/03\/VS-scaled.jpg","datePublished":"2021-12-06T17:04:16+00:00","dateModified":"2022-03-11T07:54:46+00:00","description":"Un comparatif flipper sur les points forts et faibles. Pour faciliter votre avis\/choix je propose un Morgan Vs un duel un Clash un Shodown.","breadcrumb":{"@id":"https:\/\/morganflipper.fr\/index.php\/avis-et-comparatif-flipper\/#breadcrumb"},"inLanguage":"fr-FR","potentialAction":[{"@type":"ReadAction","target":["https:\/\/morganflipper.fr\/index.php\/avis-et-comparatif-flipper\/"]}]},{"@type":"ImageObject","inLanguage":"fr-FR","@id":"https:\/\/morganflipper.fr\/index.php\/avis-et-comparatif-flipper\/#primaryimage","url":"https:\/\/morganflipper.fr\/wp-content\/uploads\/2022\/03\/VS-scaled.jpg","contentUrl":"https:\/\/morganflipper.fr\/wp-content\/uploads\/2022\/03\/VS-scaled.jpg","width":2560,"height":1699},{"@type":"BreadcrumbList","@id":"https:\/\/morganflipper.fr\/index.php\/avis-et-comparatif-flipper\/#breadcrumb","itemListElement":[{"@type":"ListItem","position":1,"name":"Accueil","item":"https:\/\/morganflipper.fr\/"},{"@type":"ListItem","position":2,"name":"Morgan VS"}]},{"@type":"WebSite","@id":"https:\/\/morganflipper.fr\/#website","url":"https:\/\/morganflipper.fr\/","name":"Morgan Flipper","description":"","publisher":{"@id":"https:\/\/morganflipper.fr\/#organization"},"potentialAction":[{"@type":"SearchAction","target":{"@type":"EntryPoint","urlTemplate":"https:\/\/morganflipper.fr\/?s={search_term_string}"},"query-input":{"@type":"PropertyValueSpecification","valueRequired":true,"valueName":"search_term_string"}}],"inLanguage":"fr-FR"},{"@type":"Organization","@id":"https:\/\/morganflipper.fr\/#organization","name":"Morgan Flipper","url":"https:\/\/morganflipper.fr\/","logo":{"@type":"ImageObject","inLanguage":"fr-FR","@id":"https:\/\/morganflipper.fr\/#\/schema\/logo\/image\/","url":"https:\/\/morganflipper.fr\/wp-content\/uploads\/2021\/12\/cropped-cropped-Illustration_sans_titre-1-e1639147858641.png","contentUrl":"https:\/\/morganflipper.fr\/wp-content\/uploads\/2021\/12\/cropped-cropped-Illustration_sans_titre-1-e1639147858641.png","width":100,"height":100,"caption":"Morgan Flipper"},"image":{"@id":"https:\/\/morganflipper.fr\/#\/schema\/logo\/image\/"}}]}},"_links":{"self":[{"href":"https:\/\/morganflipper.fr\/index.php\/wp-json\/wp\/v2\/pages\/100","targetHints":{"allow":["GET"]}}],"collection":[{"href":"https:\/\/morganflipper.fr\/index.php\/wp-json\/wp\/v2\/pages"}],"about":[{"href":"https:\/\/morganflipper.fr\/index.php\/wp-json\/wp\/v2\/types\/page"}],"author":[{"embeddable":true,"href":"https:\/\/morganflipper.fr\/index.php\/wp-json\/wp\/v2\/users\/1"}],"replies":[{"embeddable":true,"href":"https:\/\/morganflipper.fr\/index.php\/wp-json\/wp\/v2\/comments?post=100"}],"version-history":[{"count":18,"href":"https:\/\/morganflipper.fr\/index.php\/wp-json\/wp\/v2\/pages\/100\/revisions"}],"predecessor-version":[{"id":1705,"href":"https:\/\/morganflipper.fr\/index.php\/wp-json\/wp\/v2\/pages\/100\/revisions\/1705"}],"wp:attachment":[{"href":"https:\/\/morganflipper.fr\/index.php\/wp-json\/wp\/v2\/media?parent=100"}],"curies":[{"name":"wp","href":"https:\/\/api.w.org\/{rel}","templated":true}]}}