{"id":1657,"date":"2022-03-04T10:13:46","date_gmt":"2022-03-04T09:13:46","guid":{"rendered":"https:\/\/morganflipper.fr\/?page_id=1657"},"modified":"2023-07-16T21:29:57","modified_gmt":"2023-07-16T19:29:57","slug":"pinball-rating-classement-flipper-morganflipper","status":"publish","type":"page","link":"https:\/\/morganflipper.fr\/index.php\/pinball-rating-classement-flipper-morganflipper\/","title":{"rendered":"Pinball Rating Classement"},"content":{"rendered":"\n<p class=\"wp-block-paragraph\">Ci-dessous, vous trouverez le classement des flippers ( pinball rating ) selon mes pr\u00e9f\u00e9rences. Bien entendu, rien n&rsquo;est fig\u00e9 dans le temps, les go\u00fbts comme les app\u00e9tences sont amen\u00e9s \u00e0 \u00e9voluer&#8230;<br><strong>Parfois, plusieurs flips ont re\u00e7u la m\u00eame note et pourtant un d\u00e9tail, un feeling permet n\u00e9anmoins de gagner une position.<\/strong> Il faut garder en t\u00eate que le flipper reste <strong>un m\u00e9dia que j&rsquo;aime et sur lequel je m&rsquo;amuse dans tout les cas<\/strong>. C&rsquo;est pourquoi m\u00eame en bas de tableau, il ne s&rsquo;agit pas de mauvais titres&#8230; Mais puisqu&rsquo;il faut choisir&#8230; A mon tour je peux le dire&#8230; <a href=\"https:\/\/www.youtube.com\/watch?v=S5Xa31jYxYc\">Sans contrefa\u00e7on<\/a> je fais une s\u00e9lection !<\/p>\n\n\n\n<figure class=\"wp-block-table\"><table><tbody><tr><td>Pinball Rating<\/td><td>Titre Flipper<\/td><\/tr><tr><td>1<\/td><td><a href=\"https:\/\/morganflipper.fr\/index.php\/2021\/12\/12\/test-avis-flipper-gun-n-roses-data-east\/\"><strong>Guns n&rsquo; Roses Data East<\/strong><\/a><\/td><\/tr><tr><td>2<\/td><td><a href=\"https:\/\/morganflipper.fr\/index.php\/2022\/02\/07\/test-avis-flipper-addams-family-gold\/\"><strong>The Addams Family Gold<\/strong><\/a><\/td><\/tr><tr><td>3<\/td><td><a href=\"https:\/\/morganflipper.fr\/index.php\/2022\/02\/16\/test-avis-critique-notation-flipper-twilight-zone-morganflipper\/\"><strong>Twilight Zone<\/strong><\/a><\/td><\/tr><tr><td>4<\/td><td><a href=\"https:\/\/morganflipper.fr\/index.php\/2022\/01\/23\/test-avis-critique-notation-flipper-judge-dredd\/\"><strong>Judge Dredd<\/strong><\/a><\/td><\/tr><tr><td>5<\/td><td><a href=\"https:\/\/morganflipper.fr\/index.php\/2022\/02\/10\/test-avis-notation-flipper-star-trek-the-next-generation\/\"><strong>Star Trek The Next G\u00e9n\u00e9ration<\/strong><\/a><\/td><\/tr><tr><td>6<\/td><td><a href=\"https:\/\/morganflipper.fr\/index.php\/2022\/01\/30\/test-critique-avis-flipper-road-show\/\"><strong>Red &amp; Ted&rsquo;s Road Show<\/strong><\/a><\/td><\/tr><tr><td>7<\/td><td><a href=\"https:\/\/morganflipper.fr\/index.php\/2022\/02\/01\/test-avis-notations-critique-flipper-demolition-man-morgan\/\"><strong>Demolition Man<\/strong><\/a><\/td><\/tr><tr><td>8<\/td><td><a href=\"https:\/\/morganflipper.fr\/index.php\/2021\/12\/13\/test-avis-flipper-jurassic-park-data-east-morganflipper\/\"><strong>Jurassic Park Data East<\/strong><\/a><\/td><\/tr><tr><td>9<\/td><td><a href=\"https:\/\/morganflipper.fr\/index.php\/2021\/12\/11\/test-avis-flipper-tales-from-the-crypt\/\"><strong>Tales From The Crypt<\/strong><\/a><\/td><\/tr><tr><td>10<\/td><td><a href=\"https:\/\/morganflipper.fr\/index.php\/2022\/03\/06\/avis-test-flipper-batman-forever-morganflipper\/\"><strong>Batman Forever<\/strong><\/a><\/td><\/tr><tr><td><\/td><td><a href=\"https:\/\/morganflipper.fr\/index.php\/2022\/01\/22\/test-avis-flipper-critique-notation-funhouse\/\"><strong>Funhouse<\/strong><\/a><\/td><\/tr><tr><td><\/td><td><a href=\"https:\/\/morganflipper.fr\/index.php\/2022\/02\/13\/test-avis-critique-flipper-baywatch\/\"><strong>Baywatch<\/strong><\/a><\/td><\/tr><tr><td><\/td><td><a href=\"https:\/\/morganflipper.fr\/index.php\/2022\/02\/24\/test-avis-critique-notation-flipper-indiana-jones-morganflipper\/\"><strong>Indiana Jones<\/strong><\/a><\/td><\/tr><tr><td><\/td><td><strong><a href=\"https:\/\/morganflipper.fr\/index.php\/2022\/03\/11\/avis-test-flipper-creature-from-the-black-lagoon-morganfipper\/\">Creature From The Black Lagoon<\/a><\/strong><\/td><\/tr><tr><td><\/td><td><a href=\"https:\/\/morganflipper.fr\/index.php\/2021\/12\/09\/test-avis-flipper-star-wars-data-east\/\"><strong>Star Wars Data East<\/strong><\/a><\/td><\/tr><tr><td><\/td><td><a href=\"https:\/\/morganflipper.fr\/index.php\/2022\/02\/09\/test-notation-avis-flipper-world-cup-soccer\/\"><strong>World Cup Soccer<\/strong><\/a><\/td><\/tr><tr><td><\/td><td><a href=\"https:\/\/morganflipper.fr\/wp-admin\/post.php?post=1587&amp;action=edit\"><strong>Revenge From Mars<\/strong><\/a><\/td><\/tr><tr><td><\/td><td><a href=\"https:\/\/morganflipper.fr\/index.php\/2022\/03\/27\/test-avis-notation-critique-flipper-the-machine-bride-of-pinbot-morganflipper\/\"><strong>The Machine Bride Of Pinbot<\/strong><\/a><\/td><\/tr><tr><td><\/td><td><a href=\"https:\/\/morganflipper.fr\/index.php\/2021\/12\/10\/test-avis-flipper-starship-troopers\/\"><strong>Starship Troopers<\/strong><\/a><\/td><\/tr><tr><td><\/td><td><a href=\"https:\/\/morganflipper.fr\/index.php\/2021\/12\/08\/test-avis-flipper-terminator-2\/\"><strong>Terminator 2<\/strong><\/a><\/td><\/tr><tr><td><\/td><td><a href=\"https:\/\/morganflipper.fr\/index.php\/2023\/07\/16\/test-avis-flipper-black-knight-2000\/\"><strong>Black Knight 2000<\/strong><\/a><\/td><\/tr><tr><td><\/td><td><a href=\"https:\/\/morganflipper.fr\/index.php\/2021\/12\/08\/test-avis-flipper-lethal-weapon-3\/\"><strong>Lethal Weapon 3<\/strong><\/a><\/td><\/tr><tr><td><\/td><td><a href=\"https:\/\/morganflipper.fr\/index.php\/2022\/02\/22\/test-avis-critique-notation-flipper-elvira-and-the-party-monsters-morganflipper\/\"><strong>Elvira And The Party Monsters<\/strong><\/a><\/td><\/tr><tr><td><\/td><td><a href=\"https:\/\/morganflipper.fr\/index.php\/2022\/02\/20\/test-avis-flipper-notation-critique-flipper-scared-stiff-morganflipper\/\"><strong>Scared Stiff<\/strong><\/a><\/td><\/tr><tr><td><\/td><td><a href=\"https:\/\/morganflipper.fr\/index.php\/2022\/02\/14\/test-avis-notation-flipper-dirty-harry\/\"><strong>Dirty Harry<\/strong><\/a><\/td><\/tr><tr><td><\/td><td><strong><a href=\"https:\/\/morganflipper.fr\/index.php\/2022\/03\/02\/avis-test-notation-critique-flipper-star-wars-episode-1-morganflipper-bally-williams\/\">Star Wars Episode 1<\/a><\/strong><\/td><\/tr><tr><td><\/td><td><a href=\"https:\/\/morganflipper.fr\/index.php\/2022\/06\/10\/test-avis-flipper-royal-rumble\/\"><strong>WWF Royal Rumble<\/strong><\/a><\/td><\/tr><tr><td><\/td><td><a href=\"https:\/\/morganflipper.fr\/index.php\/2022\/04\/13\/test-avis-critique-flipper-doctor-who-morganflipper-pinball-notation\/\"><strong>Doctor Who<\/strong><\/a><\/td><\/tr><tr><td><\/td><td><a href=\"https:\/\/morganflipper.fr\/index.php\/2022\/02\/08\/test-notations-avis-flipper-gilligan-s-island-morganflipper\/\"><strong>Gilligan s Island<\/strong><\/a><\/td><\/tr><tr><td><\/td><td><a href=\"https:\/\/morganflipper.fr\/index.php\/2022\/02\/18\/flipper-super-mario-bros-test-avis-critique-notation-morganflipper\/\"><strong>Super Mario Bros<\/strong><\/a><\/td><\/tr><tr><td><\/td><td><a href=\"https:\/\/morganflipper.fr\/wp-admin\/post.php?post=1740&amp;action=edit\"><strong>Teenage Mutant Ninja Turtles<\/strong><\/a><\/td><\/tr><tr><td><\/td><td><a href=\"https:\/\/morganflipper.fr\/wp-admin\/post.php?post=1724&amp;action=edit\"><strong>Pinbot<\/strong><\/a><\/td><\/tr><tr><td><\/td><td><a href=\"https:\/\/morganflipper.fr\/wp-admin\/post.php?post=1792&amp;action=edit\"><strong>Popeye Saves The Earth<\/strong><\/a><\/td><\/tr><\/tbody><\/table><\/figure>\n\n\n\n<p class=\"wp-block-paragraph\">Le classement ci-dessus est uniquement constitu\u00e9 des exemplaires test\u00e9s sur morganflipper. Il sera donc r\u00e9guli\u00e8rement mis \u00e0 jour en fonction des critiques. Il s&rsquo;agit une fois de plus de mon simple avis. J&rsquo;ai toujours d\u00e9fendu les Sega et Data East m\u00eame \u00e0 l&rsquo;\u00e9poque o\u00f9 la majorit\u00e9 n&rsquo;avait d&rsquo;yeux que pour le \u00ab\u00a0Top 10 Bally Williams\u00a0\u00bb.<br>Les flippers \u00e9tant de plus en plus recherch\u00e9s, les amateurs se sont rabattus sur des titres moins demand\u00e9s. Ce qui a permis de red\u00e9couvrir des mod\u00e8les autrefois boud\u00e9s. Tant mieux !<\/p>\n\n\n\n<figure class=\"wp-block-image size-full\"><img loading=\"lazy\" decoding=\"async\" width=\"2560\" height=\"1345\" src=\"https:\/\/morganflipper.fr\/wp-content\/uploads\/2022\/02\/Banniere-Flipper-Flyer-scaled.jpg\" alt=\"\" class=\"wp-image-1263\" srcset=\"https:\/\/morganflipper.fr\/wp-content\/uploads\/2022\/02\/Banniere-Flipper-Flyer-300x158.jpg 300w, https:\/\/morganflipper.fr\/wp-content\/uploads\/2022\/02\/Banniere-Flipper-Flyer-390x205.jpg 390w, https:\/\/morganflipper.fr\/wp-content\/uploads\/2022\/02\/Banniere-Flipper-Flyer-500x263.jpg 500w, https:\/\/morganflipper.fr\/wp-content\/uploads\/2022\/02\/Banniere-Flipper-Flyer-700x368.jpg 700w, https:\/\/morganflipper.fr\/wp-content\/uploads\/2022\/02\/Banniere-Flipper-Flyer-768x403.jpg 768w, https:\/\/morganflipper.fr\/wp-content\/uploads\/2022\/02\/Banniere-Flipper-Flyer-1024x538.jpg 1024w, https:\/\/morganflipper.fr\/wp-content\/uploads\/2022\/02\/Banniere-Flipper-Flyer-1536x807.jpg 1536w, https:\/\/morganflipper.fr\/wp-content\/uploads\/2022\/02\/Banniere-Flipper-Flyer-scaled.jpg 2560w\" sizes=\"auto, (max-width: 2560px) 100vw, 2560px\" \/><\/figure>\n","protected":false},"excerpt":{"rendered":"<p>Ci-dessous, vous trouverez le classement des flippers ( pinball rating ) selon mes pr\u00e9f\u00e9rences. Bien entendu, rien n&rsquo;est fig\u00e9 dans<\/p>\n","protected":false},"author":1,"featured_media":0,"parent":0,"menu_order":0,"comment_status":"closed","ping_status":"closed","template":"","meta":{"colormag_page_container_layout":"default_layout","colormag_page_sidebar_layout":"default_layout","_crdt_document":"","footnotes":""},"class_list":["post-1657","page","type-page","status-publish","hentry"],"yoast_head":"<!-- This site is optimized with the Yoast SEO plugin v27.5 - https:\/\/yoast.com\/product\/yoast-seo-wordpress\/ -->\n<title>Pinball Rating Classement - Morgan Flipper<\/title>\n<meta name=\"description\" content=\"Pinball Rating Classement Flipper morganflipper test critique notation avis tableau r\u00e9capitulatif des flips class\u00e9s par ordre de pr\u00e9f\u00e9rence\" \/>\n<meta name=\"robots\" content=\"index, follow, max-snippet:-1, max-image-preview:large, max-video-preview:-1\" \/>\n<link rel=\"canonical\" href=\"https:\/\/morganflipper.fr\/index.php\/pinball-rating-classement-flipper-morganflipper\/\" \/>\n<meta property=\"og:locale\" content=\"fr_FR\" \/>\n<meta property=\"og:type\" content=\"article\" \/>\n<meta property=\"og:title\" content=\"Pinball Rating Classement - Morgan Flipper\" \/>\n<meta property=\"og:description\" content=\"Pinball Rating Classement Flipper morganflipper test critique notation avis tableau r\u00e9capitulatif des flips class\u00e9s par ordre de pr\u00e9f\u00e9rence\" \/>\n<meta property=\"og:url\" content=\"https:\/\/morganflipper.fr\/index.php\/pinball-rating-classement-flipper-morganflipper\/\" \/>\n<meta property=\"og:site_name\" content=\"Morgan Flipper\" \/>\n<meta property=\"article:modified_time\" content=\"2023-07-16T19:29:57+00:00\" \/>\n<meta property=\"og:image\" content=\"https:\/\/morganflipper.fr\/wp-content\/uploads\/2022\/02\/Banniere-Flipper-Flyer-scaled.jpg\" \/>\n<meta name=\"twitter:card\" content=\"summary_large_image\" \/>\n<meta name=\"twitter:label1\" content=\"Dur\u00e9e de lecture estim\u00e9e\" \/>\n\t<meta name=\"twitter:data1\" content=\"2 minutes\" \/>\n<script type=\"application\/ld+json\" class=\"yoast-schema-graph\">{\"@context\":\"https:\\\/\\\/schema.org\",\"@graph\":[{\"@type\":\"WebPage\",\"@id\":\"https:\\\/\\\/morganflipper.fr\\\/index.php\\\/pinball-rating-classement-flipper-morganflipper\\\/\",\"url\":\"https:\\\/\\\/morganflipper.fr\\\/index.php\\\/pinball-rating-classement-flipper-morganflipper\\\/\",\"name\":\"Pinball Rating Classement - Morgan Flipper\",\"isPartOf\":{\"@id\":\"https:\\\/\\\/morganflipper.fr\\\/#website\"},\"primaryImageOfPage\":{\"@id\":\"https:\\\/\\\/morganflipper.fr\\\/index.php\\\/pinball-rating-classement-flipper-morganflipper\\\/#primaryimage\"},\"image\":{\"@id\":\"https:\\\/\\\/morganflipper.fr\\\/index.php\\\/pinball-rating-classement-flipper-morganflipper\\\/#primaryimage\"},\"thumbnailUrl\":\"https:\\\/\\\/morganflipper.fr\\\/wp-content\\\/uploads\\\/2022\\\/02\\\/Banniere-Flipper-Flyer-scaled.jpg\",\"datePublished\":\"2022-03-04T09:13:46+00:00\",\"dateModified\":\"2023-07-16T19:29:57+00:00\",\"description\":\"Pinball Rating Classement Flipper morganflipper test critique notation avis tableau r\u00e9capitulatif des flips class\u00e9s par ordre de pr\u00e9f\u00e9rence\",\"breadcrumb\":{\"@id\":\"https:\\\/\\\/morganflipper.fr\\\/index.php\\\/pinball-rating-classement-flipper-morganflipper\\\/#breadcrumb\"},\"inLanguage\":\"fr-FR\",\"potentialAction\":[{\"@type\":\"ReadAction\",\"target\":[\"https:\\\/\\\/morganflipper.fr\\\/index.php\\\/pinball-rating-classement-flipper-morganflipper\\\/\"]}]},{\"@type\":\"ImageObject\",\"inLanguage\":\"fr-FR\",\"@id\":\"https:\\\/\\\/morganflipper.fr\\\/index.php\\\/pinball-rating-classement-flipper-morganflipper\\\/#primaryimage\",\"url\":\"https:\\\/\\\/morganflipper.fr\\\/wp-content\\\/uploads\\\/2022\\\/02\\\/Banniere-Flipper-Flyer-scaled.jpg\",\"contentUrl\":\"https:\\\/\\\/morganflipper.fr\\\/wp-content\\\/uploads\\\/2022\\\/02\\\/Banniere-Flipper-Flyer-scaled.jpg\",\"width\":2560,\"height\":1345},{\"@type\":\"BreadcrumbList\",\"@id\":\"https:\\\/\\\/morganflipper.fr\\\/index.php\\\/pinball-rating-classement-flipper-morganflipper\\\/#breadcrumb\",\"itemListElement\":[{\"@type\":\"ListItem\",\"position\":1,\"name\":\"Accueil\",\"item\":\"https:\\\/\\\/morganflipper.fr\\\/\"},{\"@type\":\"ListItem\",\"position\":2,\"name\":\"Pinball Rating Classement\"}]},{\"@type\":\"WebSite\",\"@id\":\"https:\\\/\\\/morganflipper.fr\\\/#website\",\"url\":\"https:\\\/\\\/morganflipper.fr\\\/\",\"name\":\"Morgan Flipper\",\"description\":\"\",\"publisher\":{\"@id\":\"https:\\\/\\\/morganflipper.fr\\\/#organization\"},\"potentialAction\":[{\"@type\":\"SearchAction\",\"target\":{\"@type\":\"EntryPoint\",\"urlTemplate\":\"https:\\\/\\\/morganflipper.fr\\\/?s={search_term_string}\"},\"query-input\":{\"@type\":\"PropertyValueSpecification\",\"valueRequired\":true,\"valueName\":\"search_term_string\"}}],\"inLanguage\":\"fr-FR\"},{\"@type\":\"Organization\",\"@id\":\"https:\\\/\\\/morganflipper.fr\\\/#organization\",\"name\":\"Morgan Flipper\",\"url\":\"https:\\\/\\\/morganflipper.fr\\\/\",\"logo\":{\"@type\":\"ImageObject\",\"inLanguage\":\"fr-FR\",\"@id\":\"https:\\\/\\\/morganflipper.fr\\\/#\\\/schema\\\/logo\\\/image\\\/\",\"url\":\"https:\\\/\\\/morganflipper.fr\\\/wp-content\\\/uploads\\\/2021\\\/12\\\/cropped-cropped-Illustration_sans_titre-1-e1639147858641.png\",\"contentUrl\":\"https:\\\/\\\/morganflipper.fr\\\/wp-content\\\/uploads\\\/2021\\\/12\\\/cropped-cropped-Illustration_sans_titre-1-e1639147858641.png\",\"width\":100,\"height\":100,\"caption\":\"Morgan Flipper\"},\"image\":{\"@id\":\"https:\\\/\\\/morganflipper.fr\\\/#\\\/schema\\\/logo\\\/image\\\/\"}}]}<\/script>\n<!-- \/ Yoast SEO plugin. -->","yoast_head_json":{"title":"Pinball Rating Classement - Morgan Flipper","description":"Pinball Rating Classement Flipper morganflipper test critique notation avis tableau r\u00e9capitulatif des flips class\u00e9s par ordre de pr\u00e9f\u00e9rence","robots":{"index":"index","follow":"follow","max-snippet":"max-snippet:-1","max-image-preview":"max-image-preview:large","max-video-preview":"max-video-preview:-1"},"canonical":"https:\/\/morganflipper.fr\/index.php\/pinball-rating-classement-flipper-morganflipper\/","og_locale":"fr_FR","og_type":"article","og_title":"Pinball Rating Classement - Morgan Flipper","og_description":"Pinball Rating Classement Flipper morganflipper test critique notation avis tableau r\u00e9capitulatif des flips class\u00e9s par ordre de pr\u00e9f\u00e9rence","og_url":"https:\/\/morganflipper.fr\/index.php\/pinball-rating-classement-flipper-morganflipper\/","og_site_name":"Morgan Flipper","article_modified_time":"2023-07-16T19:29:57+00:00","og_image":[{"url":"https:\/\/morganflipper.fr\/wp-content\/uploads\/2022\/02\/Banniere-Flipper-Flyer-scaled.jpg","type":"","width":"","height":""}],"twitter_card":"summary_large_image","twitter_misc":{"Dur\u00e9e de lecture estim\u00e9e":"2 minutes"},"schema":{"@context":"https:\/\/schema.org","@graph":[{"@type":"WebPage","@id":"https:\/\/morganflipper.fr\/index.php\/pinball-rating-classement-flipper-morganflipper\/","url":"https:\/\/morganflipper.fr\/index.php\/pinball-rating-classement-flipper-morganflipper\/","name":"Pinball Rating Classement - Morgan Flipper","isPartOf":{"@id":"https:\/\/morganflipper.fr\/#website"},"primaryImageOfPage":{"@id":"https:\/\/morganflipper.fr\/index.php\/pinball-rating-classement-flipper-morganflipper\/#primaryimage"},"image":{"@id":"https:\/\/morganflipper.fr\/index.php\/pinball-rating-classement-flipper-morganflipper\/#primaryimage"},"thumbnailUrl":"https:\/\/morganflipper.fr\/wp-content\/uploads\/2022\/02\/Banniere-Flipper-Flyer-scaled.jpg","datePublished":"2022-03-04T09:13:46+00:00","dateModified":"2023-07-16T19:29:57+00:00","description":"Pinball Rating Classement Flipper morganflipper test critique notation avis tableau r\u00e9capitulatif des flips class\u00e9s par ordre de pr\u00e9f\u00e9rence","breadcrumb":{"@id":"https:\/\/morganflipper.fr\/index.php\/pinball-rating-classement-flipper-morganflipper\/#breadcrumb"},"inLanguage":"fr-FR","potentialAction":[{"@type":"ReadAction","target":["https:\/\/morganflipper.fr\/index.php\/pinball-rating-classement-flipper-morganflipper\/"]}]},{"@type":"ImageObject","inLanguage":"fr-FR","@id":"https:\/\/morganflipper.fr\/index.php\/pinball-rating-classement-flipper-morganflipper\/#primaryimage","url":"https:\/\/morganflipper.fr\/wp-content\/uploads\/2022\/02\/Banniere-Flipper-Flyer-scaled.jpg","contentUrl":"https:\/\/morganflipper.fr\/wp-content\/uploads\/2022\/02\/Banniere-Flipper-Flyer-scaled.jpg","width":2560,"height":1345},{"@type":"BreadcrumbList","@id":"https:\/\/morganflipper.fr\/index.php\/pinball-rating-classement-flipper-morganflipper\/#breadcrumb","itemListElement":[{"@type":"ListItem","position":1,"name":"Accueil","item":"https:\/\/morganflipper.fr\/"},{"@type":"ListItem","position":2,"name":"Pinball Rating Classement"}]},{"@type":"WebSite","@id":"https:\/\/morganflipper.fr\/#website","url":"https:\/\/morganflipper.fr\/","name":"Morgan Flipper","description":"","publisher":{"@id":"https:\/\/morganflipper.fr\/#organization"},"potentialAction":[{"@type":"SearchAction","target":{"@type":"EntryPoint","urlTemplate":"https:\/\/morganflipper.fr\/?s={search_term_string}"},"query-input":{"@type":"PropertyValueSpecification","valueRequired":true,"valueName":"search_term_string"}}],"inLanguage":"fr-FR"},{"@type":"Organization","@id":"https:\/\/morganflipper.fr\/#organization","name":"Morgan Flipper","url":"https:\/\/morganflipper.fr\/","logo":{"@type":"ImageObject","inLanguage":"fr-FR","@id":"https:\/\/morganflipper.fr\/#\/schema\/logo\/image\/","url":"https:\/\/morganflipper.fr\/wp-content\/uploads\/2021\/12\/cropped-cropped-Illustration_sans_titre-1-e1639147858641.png","contentUrl":"https:\/\/morganflipper.fr\/wp-content\/uploads\/2021\/12\/cropped-cropped-Illustration_sans_titre-1-e1639147858641.png","width":100,"height":100,"caption":"Morgan Flipper"},"image":{"@id":"https:\/\/morganflipper.fr\/#\/schema\/logo\/image\/"}}]}},"_links":{"self":[{"href":"https:\/\/morganflipper.fr\/index.php\/wp-json\/wp\/v2\/pages\/1657","targetHints":{"allow":["GET"]}}],"collection":[{"href":"https:\/\/morganflipper.fr\/index.php\/wp-json\/wp\/v2\/pages"}],"about":[{"href":"https:\/\/morganflipper.fr\/index.php\/wp-json\/wp\/v2\/types\/page"}],"author":[{"embeddable":true,"href":"https:\/\/morganflipper.fr\/index.php\/wp-json\/wp\/v2\/users\/1"}],"replies":[{"embeddable":true,"href":"https:\/\/morganflipper.fr\/index.php\/wp-json\/wp\/v2\/comments?post=1657"}],"version-history":[{"count":13,"href":"https:\/\/morganflipper.fr\/index.php\/wp-json\/wp\/v2\/pages\/1657\/revisions"}],"predecessor-version":[{"id":2157,"href":"https:\/\/morganflipper.fr\/index.php\/wp-json\/wp\/v2\/pages\/1657\/revisions\/2157"}],"wp:attachment":[{"href":"https:\/\/morganflipper.fr\/index.php\/wp-json\/wp\/v2\/media?parent=1657"}],"curies":[{"name":"wp","href":"https:\/\/api.w.org\/{rel}","templated":true}]}}