{"id":177,"date":"2021-12-08T10:30:29","date_gmt":"2021-12-08T09:30:29","guid":{"rendered":"https:\/\/morganflipper.fr\/?page_id=177"},"modified":"2022-02-23T09:29:34","modified_gmt":"2022-02-23T08:29:34","slug":"flipper-avant-apres-morganflipper","status":"publish","type":"page","link":"https:\/\/morganflipper.fr\/index.php\/flipper-avant-apres-morganflipper\/","title":{"rendered":"Avant Apr\u00e8s"},"content":{"rendered":"\n<p class=\"wp-block-paragraph\">Sur cette page, vous trouverez quelques photos de flippers \u00ab\u00a0dans leurs jus\u00a0\u00bb, c&rsquo;est \u00e0 dire <strong>avant customisation et apr\u00e8s&#8230;<\/strong> Il y a une r\u00e9currence dans le choix des flips c&rsquo;est&#8230; une bonne base plateau.<br>En effet, il faut privil\u00e9gier l&rsquo;\u00e9tat de celui-ci car c&rsquo;est la partie la plus complexe et chronophage. Les petites retouches peintures ou changements d&rsquo;inserts restent accessibles mais un Swap plateau ou la pose d&rsquo;un overlay complet demande \u00e9norm\u00e9ment de temps.<br>Idem pour la partie ext\u00e9rieur ,<strong> il est pr\u00e9f\u00e9rable d&rsquo;avoir la caisse et le fronton d\u00e9color\u00e9s par les UV ( Sunfade ) plut\u00f4t que des decals mal pos\u00e9s.<\/strong> Ces parties se retouchent beaucoup plus facilement que le plateau, autant rester sur de l&rsquo;original quand les d\u00e9g\u00e2ts ne sont pas trop importants.<br><strong>Je suis partisan des Leds et des \u00e9lastiques en silicone transparent qui donnent un s\u00e9rieux coup de jeune aux flippers des ann\u00e9es 90.<\/strong> Il s&rsquo;agit l\u00e0 d&rsquo;une question de go\u00fbt&#8230; Je pense que si la technologie avait \u00e9t\u00e9 d\u00e9mocratis\u00e9e \u00e0 l&rsquo;\u00e9poque, nos flips en auraient b\u00e9n\u00e9fici\u00e9&#8230; ( pas simple \u00e0 conjuguer celle-l\u00e0, j&rsquo;ai failli me perdre en l&rsquo;\u00e9crivant ) : \u00ab\u00a0<em>je crois, enfin c&rsquo;est mon avis, qu&rsquo;il faut repositionner toute la logique d&rsquo;entreprise&#8230; si on veut simplifier la synergie de la productive des interfaces ? <\/em>\u00a0\u00bb Pascal Legitimus dans <a href=\"https:\/\/www.youtube.com\/watch?v=OBcvuRem7AA\">Les 3 Fr\u00e8res<\/a>. <br><strong>J&rsquo;aime \u00e9galement les ajouts que l&rsquo;on nomme \u00ab\u00a0mods\u00a0\u00bb<\/strong>. Lorsqu&rsquo;ils sont bien positionn\u00e9s, proportionn\u00e9s et en accord avec le th\u00e8me, ils apportent un vrai + visuel et facilitent la lecture des missions pour les novices. Par exemple, sur le <a href=\"https:\/\/morganflipper.fr\/index.php\/2022\/02\/16\/test-avis-critique-notation-flipper-twilight-zone-morganflipper\/\">Twilight Zone<\/a>,  tous les \u00e9l\u00e9ments dessin\u00e9s sur le playfield ont \u00e9t\u00e9 reproduits en figurines, ce qui permet une lecture visuelle simplifi\u00e9e : tirer sur l&rsquo;horloge, le piano, la machine \u00e0 sous&#8230;<br>Qu&rsquo;il s&rsquo;agisse de mods fait maison, en imprimante 3D ou des figurines existantes, ce qui compte est de <strong>rester en harmonie avec le design du flip<\/strong>. Sur le flipper <a href=\"https:\/\/morganflipper.fr\/index.php\/2021\/12\/09\/test-avis-flipper-star-wars-data-east\/\">Star Wars Data East<\/a>, il est tr\u00e8s facile d&rsquo;ajouter des vaisseaux et personnages, les produits d\u00e9riv\u00e9s de la franchise se trouvent partout.<br>J&rsquo;aime \u00e9galement que les parties m\u00e9talliques soient pass\u00e9es en version miroir ainsi que les c\u00f4t\u00e9s du plateau. Cela donne une superbe perspective et augmente la luminosit\u00e9 avec la r\u00e9flexion des Leds.<\/p>\n\n\n\n<h2 class=\"wp-block-heading\" id=\"avant-apres-flipper-the-addams-family-special-collectors-edition-gold\">Avant Apr\u00e8s <a href=\"https:\/\/morganflipper.fr\/index.php\/2022\/02\/07\/test-avis-flipper-addams-family-gold\/\">Flipper The Addams Family Sp\u00e9cial Collectors Edition Gold<\/a><\/h2>\n\n\n\n<div class=\"wp-block-columns is-layout-flex wp-container-core-columns-is-layout-7387b849 wp-block-columns-is-layout-flex\">\n<div class=\"wp-block-column is-layout-flow wp-block-column-is-layout-flow\">\n<figure class=\"wp-block-image size-large\"><img loading=\"lazy\" decoding=\"async\" width=\"768\" height=\"1024\" src=\"https:\/\/morganflipper.fr\/wp-content\/uploads\/2022\/02\/avant-768x1024.jpg\" alt=\"\" class=\"wp-image-897\" srcset=\"https:\/\/morganflipper.fr\/wp-content\/uploads\/2022\/02\/avant-225x300.jpg 225w, https:\/\/morganflipper.fr\/wp-content\/uploads\/2022\/02\/avant-500x667.jpg 500w, https:\/\/morganflipper.fr\/wp-content\/uploads\/2022\/02\/avant-700x933.jpg 700w, https:\/\/morganflipper.fr\/wp-content\/uploads\/2022\/02\/avant-768x1024.jpg 768w, https:\/\/morganflipper.fr\/wp-content\/uploads\/2022\/02\/avant-1152x1536.jpg 1152w, https:\/\/morganflipper.fr\/wp-content\/uploads\/2022\/02\/avant-1536x2048.jpg 1536w, https:\/\/morganflipper.fr\/wp-content\/uploads\/2022\/02\/avant-scaled.jpg 1920w\" sizes=\"auto, (max-width: 768px) 100vw, 768px\" \/><figcaption>morganflipper<\/figcaption><\/figure>\n<\/div>\n\n\n\n<div class=\"wp-block-column is-layout-flow wp-block-column-is-layout-flow\">\n<figure class=\"wp-block-image size-large\"><img loading=\"lazy\" decoding=\"async\" width=\"768\" height=\"1024\" src=\"https:\/\/morganflipper.fr\/wp-content\/uploads\/2022\/02\/apres-768x1024.jpg\" alt=\"\" class=\"wp-image-898\" srcset=\"https:\/\/morganflipper.fr\/wp-content\/uploads\/2022\/02\/apres-225x300.jpg 225w, https:\/\/morganflipper.fr\/wp-content\/uploads\/2022\/02\/apres-500x667.jpg 500w, https:\/\/morganflipper.fr\/wp-content\/uploads\/2022\/02\/apres-700x933.jpg 700w, https:\/\/morganflipper.fr\/wp-content\/uploads\/2022\/02\/apres-768x1024.jpg 768w, https:\/\/morganflipper.fr\/wp-content\/uploads\/2022\/02\/apres-1152x1536.jpg 1152w, https:\/\/morganflipper.fr\/wp-content\/uploads\/2022\/02\/apres-1536x2048.jpg 1536w, https:\/\/morganflipper.fr\/wp-content\/uploads\/2022\/02\/apres-scaled.jpg 1920w\" sizes=\"auto, (max-width: 768px) 100vw, 768px\" \/><figcaption>morganflipper<\/figcaption><\/figure>\n<\/div>\n<\/div>\n\n\n\n<h2 class=\"wp-block-heading\" id=\"avant-apres-flipper-demolition-man\">Avant Apr\u00e8s Flipper <a href=\"https:\/\/morganflipper.fr\/index.php\/2022\/02\/01\/test-avis-notations-critique-flipper-demolition-man-morgan-morganflipper\/\">Demolition Man<\/a><\/h2>\n\n\n\n<div class=\"wp-block-columns is-layout-flex wp-container-core-columns-is-layout-7387b849 wp-block-columns-is-layout-flex\">\n<div class=\"wp-block-column is-layout-flow wp-block-column-is-layout-flow\">\n<figure class=\"wp-block-image size-large\"><img loading=\"lazy\" decoding=\"async\" width=\"768\" height=\"1024\" src=\"https:\/\/morganflipper.fr\/wp-content\/uploads\/2022\/02\/dm01photo-768x1024.jpg\" alt=\"morganflipper\" class=\"wp-image-1494\" srcset=\"https:\/\/morganflipper.fr\/wp-content\/uploads\/2022\/02\/dm01photo-225x300.jpg 225w, https:\/\/morganflipper.fr\/wp-content\/uploads\/2022\/02\/dm01photo-500x667.jpg 500w, https:\/\/morganflipper.fr\/wp-content\/uploads\/2022\/02\/dm01photo-700x933.jpg 700w, https:\/\/morganflipper.fr\/wp-content\/uploads\/2022\/02\/dm01photo-768x1024.jpg 768w, https:\/\/morganflipper.fr\/wp-content\/uploads\/2022\/02\/dm01photo-1152x1536.jpg 1152w, https:\/\/morganflipper.fr\/wp-content\/uploads\/2022\/02\/dm01photo.jpg 1224w\" sizes=\"auto, (max-width: 768px) 100vw, 768px\" \/><figcaption>morganflipper<\/figcaption><\/figure>\n<\/div>\n\n\n\n<div class=\"wp-block-column is-layout-flow wp-block-column-is-layout-flow\">\n<figure class=\"wp-block-image size-large\"><img loading=\"lazy\" decoding=\"async\" width=\"768\" height=\"1024\" src=\"https:\/\/morganflipper.fr\/wp-content\/uploads\/2022\/02\/IMG_1540-1-768x1024.jpg\" alt=\"morganflipper\" class=\"wp-image-1496\" srcset=\"https:\/\/morganflipper.fr\/wp-content\/uploads\/2022\/02\/IMG_1540-1-225x300.jpg 225w, https:\/\/morganflipper.fr\/wp-content\/uploads\/2022\/02\/IMG_1540-1-500x667.jpg 500w, https:\/\/morganflipper.fr\/wp-content\/uploads\/2022\/02\/IMG_1540-1-700x933.jpg 700w, https:\/\/morganflipper.fr\/wp-content\/uploads\/2022\/02\/IMG_1540-1-768x1024.jpg 768w, https:\/\/morganflipper.fr\/wp-content\/uploads\/2022\/02\/IMG_1540-1-1152x1536.jpg 1152w, https:\/\/morganflipper.fr\/wp-content\/uploads\/2022\/02\/IMG_1540-1.jpg 1536w\" sizes=\"auto, (max-width: 768px) 100vw, 768px\" \/><figcaption>morganflipper<\/figcaption><\/figure>\n<\/div>\n<\/div>\n\n\n\n<h2 class=\"wp-block-heading\" id=\"avant-apres-flipper-judge-dredd\">Avant Apr\u00e8s Flipper <a href=\"https:\/\/morganflipper.fr\/index.php\/2022\/01\/23\/test-avis-critique-notation-flipper-judge-dredd-morganflipper\/\">Judge Dredd<\/a><\/h2>\n\n\n\n<div class=\"wp-block-columns is-layout-flex wp-container-core-columns-is-layout-7387b849 wp-block-columns-is-layout-flex\">\n<div class=\"wp-block-column is-layout-flow wp-block-column-is-layout-flow\">\n<figure class=\"wp-block-image size-large\"><img loading=\"lazy\" decoding=\"async\" width=\"768\" height=\"1024\" src=\"https:\/\/morganflipper.fr\/wp-content\/uploads\/2022\/02\/IMG_6030-768x1024.jpg\" alt=\"morganflipper\" class=\"wp-image-1497\" srcset=\"https:\/\/morganflipper.fr\/wp-content\/uploads\/2022\/02\/IMG_6030-225x300.jpg 225w, https:\/\/morganflipper.fr\/wp-content\/uploads\/2022\/02\/IMG_6030-500x667.jpg 500w, https:\/\/morganflipper.fr\/wp-content\/uploads\/2022\/02\/IMG_6030-700x933.jpg 700w, https:\/\/morganflipper.fr\/wp-content\/uploads\/2022\/02\/IMG_6030-768x1024.jpg 768w, https:\/\/morganflipper.fr\/wp-content\/uploads\/2022\/02\/IMG_6030-1152x1536.jpg 1152w, https:\/\/morganflipper.fr\/wp-content\/uploads\/2022\/02\/IMG_6030-1536x2048.jpg 1536w, https:\/\/morganflipper.fr\/wp-content\/uploads\/2022\/02\/IMG_6030-scaled.jpg 1920w\" sizes=\"auto, (max-width: 768px) 100vw, 768px\" \/><figcaption>morganflipper<\/figcaption><\/figure>\n<\/div>\n\n\n\n<div class=\"wp-block-column is-layout-flow wp-block-column-is-layout-flow\">\n<figure class=\"wp-block-image size-large\"><img loading=\"lazy\" decoding=\"async\" width=\"768\" height=\"1024\" src=\"https:\/\/morganflipper.fr\/wp-content\/uploads\/2022\/02\/IMG_4685-1-768x1024.jpg\" alt=\"morganflipper\" class=\"wp-image-1498\" srcset=\"https:\/\/morganflipper.fr\/wp-content\/uploads\/2022\/02\/IMG_4685-1-225x300.jpg 225w, https:\/\/morganflipper.fr\/wp-content\/uploads\/2022\/02\/IMG_4685-1-500x667.jpg 500w, https:\/\/morganflipper.fr\/wp-content\/uploads\/2022\/02\/IMG_4685-1-700x933.jpg 700w, https:\/\/morganflipper.fr\/wp-content\/uploads\/2022\/02\/IMG_4685-1-768x1024.jpg 768w, https:\/\/morganflipper.fr\/wp-content\/uploads\/2022\/02\/IMG_4685-1-1152x1536.jpg 1152w, https:\/\/morganflipper.fr\/wp-content\/uploads\/2022\/02\/IMG_4685-1-1536x2048.jpg 1536w, https:\/\/morganflipper.fr\/wp-content\/uploads\/2022\/02\/IMG_4685-1-scaled.jpg 1920w\" sizes=\"auto, (max-width: 768px) 100vw, 768px\" \/><figcaption>morganflipper<\/figcaption><\/figure>\n<\/div>\n<\/div>\n","protected":false},"excerpt":{"rendered":"<p>Sur cette page, vous trouverez quelques photos de flippers \u00ab\u00a0dans leurs jus\u00a0\u00bb, c&rsquo;est \u00e0 dire avant customisation et apr\u00e8s&#8230; Il<\/p>\n","protected":false},"author":1,"featured_media":0,"parent":0,"menu_order":0,"comment_status":"closed","ping_status":"closed","template":"","meta":{"colormag_page_container_layout":"default_layout","colormag_page_sidebar_layout":"default_layout","_crdt_document":"","footnotes":""},"class_list":["post-177","page","type-page","status-publish","hentry"],"yoast_head":"<!-- This site is optimized with the Yoast SEO plugin v27.5 - https:\/\/yoast.com\/product\/yoast-seo-wordpress\/ -->\n<title>Avant Apr\u00e8s - Morgan Flipper<\/title>\n<meta name=\"description\" content=\"Vous trouverez quelques photos de flippers &quot;dans leurs jus&quot; c&#039;est \u00e0 dire le flipper avant mon intervention et apr\u00e8s morganflipper\" \/>\n<meta name=\"robots\" content=\"index, follow, max-snippet:-1, max-image-preview:large, max-video-preview:-1\" \/>\n<link rel=\"canonical\" href=\"https:\/\/morganflipper.fr\/index.php\/flipper-avant-apres-morganflipper\/\" \/>\n<meta property=\"og:locale\" content=\"fr_FR\" \/>\n<meta property=\"og:type\" content=\"article\" \/>\n<meta property=\"og:title\" content=\"Avant Apr\u00e8s - Morgan Flipper\" \/>\n<meta property=\"og:description\" content=\"Vous trouverez quelques photos de flippers &quot;dans leurs jus&quot; c&#039;est \u00e0 dire le flipper avant mon intervention et apr\u00e8s morganflipper\" \/>\n<meta property=\"og:url\" content=\"https:\/\/morganflipper.fr\/index.php\/flipper-avant-apres-morganflipper\/\" \/>\n<meta property=\"og:site_name\" content=\"Morgan Flipper\" \/>\n<meta property=\"article:modified_time\" content=\"2022-02-23T08:29:34+00:00\" \/>\n<meta property=\"og:image\" content=\"https:\/\/morganflipper.fr\/wp-content\/uploads\/2022\/02\/avant-768x1024.jpg\" \/>\n<meta name=\"twitter:card\" content=\"summary_large_image\" \/>\n<meta name=\"twitter:label1\" content=\"Dur\u00e9e de lecture estim\u00e9e\" \/>\n\t<meta name=\"twitter:data1\" content=\"4 minutes\" \/>\n<script type=\"application\/ld+json\" class=\"yoast-schema-graph\">{\"@context\":\"https:\\\/\\\/schema.org\",\"@graph\":[{\"@type\":\"WebPage\",\"@id\":\"https:\\\/\\\/morganflipper.fr\\\/index.php\\\/flipper-avant-apres-morganflipper\\\/\",\"url\":\"https:\\\/\\\/morganflipper.fr\\\/index.php\\\/flipper-avant-apres-morganflipper\\\/\",\"name\":\"Avant Apr\u00e8s - Morgan Flipper\",\"isPartOf\":{\"@id\":\"https:\\\/\\\/morganflipper.fr\\\/#website\"},\"primaryImageOfPage\":{\"@id\":\"https:\\\/\\\/morganflipper.fr\\\/index.php\\\/flipper-avant-apres-morganflipper\\\/#primaryimage\"},\"image\":{\"@id\":\"https:\\\/\\\/morganflipper.fr\\\/index.php\\\/flipper-avant-apres-morganflipper\\\/#primaryimage\"},\"thumbnailUrl\":\"https:\\\/\\\/morganflipper.fr\\\/wp-content\\\/uploads\\\/2022\\\/02\\\/avant-768x1024.jpg\",\"datePublished\":\"2021-12-08T09:30:29+00:00\",\"dateModified\":\"2022-02-23T08:29:34+00:00\",\"description\":\"Vous trouverez quelques photos de flippers \\\"dans leurs jus\\\" c'est \u00e0 dire le flipper avant mon intervention et apr\u00e8s morganflipper\",\"breadcrumb\":{\"@id\":\"https:\\\/\\\/morganflipper.fr\\\/index.php\\\/flipper-avant-apres-morganflipper\\\/#breadcrumb\"},\"inLanguage\":\"fr-FR\",\"potentialAction\":[{\"@type\":\"ReadAction\",\"target\":[\"https:\\\/\\\/morganflipper.fr\\\/index.php\\\/flipper-avant-apres-morganflipper\\\/\"]}]},{\"@type\":\"ImageObject\",\"inLanguage\":\"fr-FR\",\"@id\":\"https:\\\/\\\/morganflipper.fr\\\/index.php\\\/flipper-avant-apres-morganflipper\\\/#primaryimage\",\"url\":\"https:\\\/\\\/morganflipper.fr\\\/wp-content\\\/uploads\\\/2022\\\/02\\\/avant-scaled.jpg\",\"contentUrl\":\"https:\\\/\\\/morganflipper.fr\\\/wp-content\\\/uploads\\\/2022\\\/02\\\/avant-scaled.jpg\",\"width\":1920,\"height\":2560},{\"@type\":\"BreadcrumbList\",\"@id\":\"https:\\\/\\\/morganflipper.fr\\\/index.php\\\/flipper-avant-apres-morganflipper\\\/#breadcrumb\",\"itemListElement\":[{\"@type\":\"ListItem\",\"position\":1,\"name\":\"Accueil\",\"item\":\"https:\\\/\\\/morganflipper.fr\\\/\"},{\"@type\":\"ListItem\",\"position\":2,\"name\":\"Avant Apr\u00e8s\"}]},{\"@type\":\"WebSite\",\"@id\":\"https:\\\/\\\/morganflipper.fr\\\/#website\",\"url\":\"https:\\\/\\\/morganflipper.fr\\\/\",\"name\":\"Morgan Flipper\",\"description\":\"\",\"publisher\":{\"@id\":\"https:\\\/\\\/morganflipper.fr\\\/#organization\"},\"potentialAction\":[{\"@type\":\"SearchAction\",\"target\":{\"@type\":\"EntryPoint\",\"urlTemplate\":\"https:\\\/\\\/morganflipper.fr\\\/?s={search_term_string}\"},\"query-input\":{\"@type\":\"PropertyValueSpecification\",\"valueRequired\":true,\"valueName\":\"search_term_string\"}}],\"inLanguage\":\"fr-FR\"},{\"@type\":\"Organization\",\"@id\":\"https:\\\/\\\/morganflipper.fr\\\/#organization\",\"name\":\"Morgan Flipper\",\"url\":\"https:\\\/\\\/morganflipper.fr\\\/\",\"logo\":{\"@type\":\"ImageObject\",\"inLanguage\":\"fr-FR\",\"@id\":\"https:\\\/\\\/morganflipper.fr\\\/#\\\/schema\\\/logo\\\/image\\\/\",\"url\":\"https:\\\/\\\/morganflipper.fr\\\/wp-content\\\/uploads\\\/2021\\\/12\\\/cropped-cropped-Illustration_sans_titre-1-e1639147858641.png\",\"contentUrl\":\"https:\\\/\\\/morganflipper.fr\\\/wp-content\\\/uploads\\\/2021\\\/12\\\/cropped-cropped-Illustration_sans_titre-1-e1639147858641.png\",\"width\":100,\"height\":100,\"caption\":\"Morgan Flipper\"},\"image\":{\"@id\":\"https:\\\/\\\/morganflipper.fr\\\/#\\\/schema\\\/logo\\\/image\\\/\"}}]}<\/script>\n<!-- \/ Yoast SEO plugin. -->","yoast_head_json":{"title":"Avant Apr\u00e8s - Morgan Flipper","description":"Vous trouverez quelques photos de flippers \"dans leurs jus\" c'est \u00e0 dire le flipper avant mon intervention et apr\u00e8s morganflipper","robots":{"index":"index","follow":"follow","max-snippet":"max-snippet:-1","max-image-preview":"max-image-preview:large","max-video-preview":"max-video-preview:-1"},"canonical":"https:\/\/morganflipper.fr\/index.php\/flipper-avant-apres-morganflipper\/","og_locale":"fr_FR","og_type":"article","og_title":"Avant Apr\u00e8s - Morgan Flipper","og_description":"Vous trouverez quelques photos de flippers \"dans leurs jus\" c'est \u00e0 dire le flipper avant mon intervention et apr\u00e8s morganflipper","og_url":"https:\/\/morganflipper.fr\/index.php\/flipper-avant-apres-morganflipper\/","og_site_name":"Morgan Flipper","article_modified_time":"2022-02-23T08:29:34+00:00","og_image":[{"url":"https:\/\/morganflipper.fr\/wp-content\/uploads\/2022\/02\/avant-768x1024.jpg","type":"","width":"","height":""}],"twitter_card":"summary_large_image","twitter_misc":{"Dur\u00e9e de lecture estim\u00e9e":"4 minutes"},"schema":{"@context":"https:\/\/schema.org","@graph":[{"@type":"WebPage","@id":"https:\/\/morganflipper.fr\/index.php\/flipper-avant-apres-morganflipper\/","url":"https:\/\/morganflipper.fr\/index.php\/flipper-avant-apres-morganflipper\/","name":"Avant Apr\u00e8s - Morgan Flipper","isPartOf":{"@id":"https:\/\/morganflipper.fr\/#website"},"primaryImageOfPage":{"@id":"https:\/\/morganflipper.fr\/index.php\/flipper-avant-apres-morganflipper\/#primaryimage"},"image":{"@id":"https:\/\/morganflipper.fr\/index.php\/flipper-avant-apres-morganflipper\/#primaryimage"},"thumbnailUrl":"https:\/\/morganflipper.fr\/wp-content\/uploads\/2022\/02\/avant-768x1024.jpg","datePublished":"2021-12-08T09:30:29+00:00","dateModified":"2022-02-23T08:29:34+00:00","description":"Vous trouverez quelques photos de flippers \"dans leurs jus\" c'est \u00e0 dire le flipper avant mon intervention et apr\u00e8s morganflipper","breadcrumb":{"@id":"https:\/\/morganflipper.fr\/index.php\/flipper-avant-apres-morganflipper\/#breadcrumb"},"inLanguage":"fr-FR","potentialAction":[{"@type":"ReadAction","target":["https:\/\/morganflipper.fr\/index.php\/flipper-avant-apres-morganflipper\/"]}]},{"@type":"ImageObject","inLanguage":"fr-FR","@id":"https:\/\/morganflipper.fr\/index.php\/flipper-avant-apres-morganflipper\/#primaryimage","url":"https:\/\/morganflipper.fr\/wp-content\/uploads\/2022\/02\/avant-scaled.jpg","contentUrl":"https:\/\/morganflipper.fr\/wp-content\/uploads\/2022\/02\/avant-scaled.jpg","width":1920,"height":2560},{"@type":"BreadcrumbList","@id":"https:\/\/morganflipper.fr\/index.php\/flipper-avant-apres-morganflipper\/#breadcrumb","itemListElement":[{"@type":"ListItem","position":1,"name":"Accueil","item":"https:\/\/morganflipper.fr\/"},{"@type":"ListItem","position":2,"name":"Avant Apr\u00e8s"}]},{"@type":"WebSite","@id":"https:\/\/morganflipper.fr\/#website","url":"https:\/\/morganflipper.fr\/","name":"Morgan Flipper","description":"","publisher":{"@id":"https:\/\/morganflipper.fr\/#organization"},"potentialAction":[{"@type":"SearchAction","target":{"@type":"EntryPoint","urlTemplate":"https:\/\/morganflipper.fr\/?s={search_term_string}"},"query-input":{"@type":"PropertyValueSpecification","valueRequired":true,"valueName":"search_term_string"}}],"inLanguage":"fr-FR"},{"@type":"Organization","@id":"https:\/\/morganflipper.fr\/#organization","name":"Morgan Flipper","url":"https:\/\/morganflipper.fr\/","logo":{"@type":"ImageObject","inLanguage":"fr-FR","@id":"https:\/\/morganflipper.fr\/#\/schema\/logo\/image\/","url":"https:\/\/morganflipper.fr\/wp-content\/uploads\/2021\/12\/cropped-cropped-Illustration_sans_titre-1-e1639147858641.png","contentUrl":"https:\/\/morganflipper.fr\/wp-content\/uploads\/2021\/12\/cropped-cropped-Illustration_sans_titre-1-e1639147858641.png","width":100,"height":100,"caption":"Morgan Flipper"},"image":{"@id":"https:\/\/morganflipper.fr\/#\/schema\/logo\/image\/"}}]}},"_links":{"self":[{"href":"https:\/\/morganflipper.fr\/index.php\/wp-json\/wp\/v2\/pages\/177","targetHints":{"allow":["GET"]}}],"collection":[{"href":"https:\/\/morganflipper.fr\/index.php\/wp-json\/wp\/v2\/pages"}],"about":[{"href":"https:\/\/morganflipper.fr\/index.php\/wp-json\/wp\/v2\/types\/page"}],"author":[{"embeddable":true,"href":"https:\/\/morganflipper.fr\/index.php\/wp-json\/wp\/v2\/users\/1"}],"replies":[{"embeddable":true,"href":"https:\/\/morganflipper.fr\/index.php\/wp-json\/wp\/v2\/comments?post=177"}],"version-history":[{"count":24,"href":"https:\/\/morganflipper.fr\/index.php\/wp-json\/wp\/v2\/pages\/177\/revisions"}],"predecessor-version":[{"id":1559,"href":"https:\/\/morganflipper.fr\/index.php\/wp-json\/wp\/v2\/pages\/177\/revisions\/1559"}],"wp:attachment":[{"href":"https:\/\/morganflipper.fr\/index.php\/wp-json\/wp\/v2\/media?parent=177"}],"curies":[{"name":"wp","href":"https:\/\/api.w.org\/{rel}","templated":true}]}}