{"id":230,"date":"2021-12-08T12:26:17","date_gmt":"2021-12-08T11:26:17","guid":{"rendered":"https:\/\/morganflipper.fr\/?page_id=230"},"modified":"2023-01-20T21:19:31","modified_gmt":"2023-01-20T20:19:31","slug":"photos-flippers-morganflipper","status":"publish","type":"page","link":"https:\/\/morganflipper.fr\/index.php\/photos-flippers-morganflipper\/","title":{"rendered":"Galerie Photo"},"content":{"rendered":"\n<h2 class=\"wp-block-heading\" id=\"photos-flippers\">Photos Flippers<\/h2>\n\n\n\n<p class=\"wp-block-paragraph\">Place aux photos diverses et vari\u00e9es mais toujours en relation avec les flippers. La galerie est l\u00e0 pour apporter un petit compl\u00e9ment d&rsquo;information visuel.<br><\/p>\n\n\n\n<figure class=\"wp-block-image size-full\"><img loading=\"lazy\" decoding=\"async\" width=\"2560\" height=\"1440\" src=\"https:\/\/morganflipper.fr\/wp-content\/uploads\/2022\/01\/IMG_5743-scaled.jpg\" alt=\"Flippers\" class=\"wp-image-760\" srcset=\"https:\/\/morganflipper.fr\/wp-content\/uploads\/2022\/01\/IMG_5743-300x169.jpg 300w, https:\/\/morganflipper.fr\/wp-content\/uploads\/2022\/01\/IMG_5743-scaled-500x281.jpg 500w, https:\/\/morganflipper.fr\/wp-content\/uploads\/2022\/01\/IMG_5743-scaled-700x394.jpg 700w, https:\/\/morganflipper.fr\/wp-content\/uploads\/2022\/01\/IMG_5743-768x432.jpg 768w, https:\/\/morganflipper.fr\/wp-content\/uploads\/2022\/01\/IMG_5743-1024x576.jpg 1024w, https:\/\/morganflipper.fr\/wp-content\/uploads\/2022\/01\/IMG_5743-1536x864.jpg 1536w, https:\/\/morganflipper.fr\/wp-content\/uploads\/2022\/01\/IMG_5743-scaled.jpg 2560w\" sizes=\"auto, (max-width: 2560px) 100vw, 2560px\" \/><figcaption class=\"wp-element-caption\">L&rsquo;occasion de voir le Topper d&rsquo;origine du <a href=\"https:\/\/morganflipper.fr\/index.php\/2022\/01\/23\/test-avis-critique-notation-flipper-judge-dredd\/\">Dredd<\/a>. Le combo Judge Dredd et <a href=\"https:\/\/morganflipper.fr\/index.php\/2022\/02\/01\/test-avis-notations-critique-flipper-demolition-man-morgan-morganflipper\/\">Demolion Man<\/a> est vraiment int\u00e9ressant, les jeux restent compl\u00e9mentaires et sont plut\u00f4t harmonieux c\u00f4te \u00e0 c\u00f4te. L&rsquo;Indiana Jones et le <a href=\"https:\/\/morganflipper.fr\/index.php\/2022\/02\/16\/test-avis-critique-notation-flipper-twilight-zone-morganflipper\/\">Twilight Zone<\/a> peuvent \u00e9galement bien se compl\u00e9ter visuellement comme l&rsquo;ombre et la lumi\u00e8re&#8230; Le Ying et le Yang&#8230; Papa et Maman&#8230;<\/figcaption><\/figure>\n\n\n\n<figure class=\"wp-block-image size-full\"><img loading=\"lazy\" decoding=\"async\" width=\"2560\" height=\"1440\" src=\"https:\/\/morganflipper.fr\/wp-content\/uploads\/2022\/01\/IMG_5742-scaled.jpg\" alt=\"Flippers\" class=\"wp-image-761\" srcset=\"https:\/\/morganflipper.fr\/wp-content\/uploads\/2022\/01\/IMG_5742-300x169.jpg 300w, https:\/\/morganflipper.fr\/wp-content\/uploads\/2022\/01\/IMG_5742-scaled-500x281.jpg 500w, https:\/\/morganflipper.fr\/wp-content\/uploads\/2022\/01\/IMG_5742-scaled-700x394.jpg 700w, https:\/\/morganflipper.fr\/wp-content\/uploads\/2022\/01\/IMG_5742-768x432.jpg 768w, https:\/\/morganflipper.fr\/wp-content\/uploads\/2022\/01\/IMG_5742-1024x576.jpg 1024w, https:\/\/morganflipper.fr\/wp-content\/uploads\/2022\/01\/IMG_5742-1536x864.jpg 1536w, https:\/\/morganflipper.fr\/wp-content\/uploads\/2022\/01\/IMG_5742-scaled.jpg 2560w\" sizes=\"auto, (max-width: 2560px) 100vw, 2560px\" \/><figcaption class=\"wp-element-caption\">Petit clin d&rsquo;\u0153il au flipper <a href=\"https:\/\/morganflipper.fr\/index.php\/2022\/02\/07\/test-avis-flipper-addams-family-gold-morganflipper\/\">Famille Addams<\/a> avec l&rsquo;affiche du film encadr\u00e9e pour l&rsquo;occasion. Restez attentifs, j&rsquo;ai l&rsquo;impression que cela se fait beaucoup dans le monde du flipper&#8230; Le coup du cadre accroch\u00e9 juste \u00e0 c\u00f4t\u00e9 c&rsquo;est la tendance.<\/figcaption><\/figure>\n\n\n\n<figure class=\"wp-block-image size-large\"><img loading=\"lazy\" decoding=\"async\" width=\"4032\" height=\"3024\" src=\"https:\/\/morganflipper.fr\/wp-content\/uploads\/2023\/01\/006-4032x3024.jpg\" alt=\"\" class=\"wp-image-2118\" srcset=\"https:\/\/morganflipper.fr\/wp-content\/uploads\/2023\/01\/006-300x225.jpg 300w, https:\/\/morganflipper.fr\/wp-content\/uploads\/2023\/01\/006-500x375.jpg 500w, https:\/\/morganflipper.fr\/wp-content\/uploads\/2023\/01\/006-700x525.jpg 700w, https:\/\/morganflipper.fr\/wp-content\/uploads\/2023\/01\/006-768x576.jpg 768w, https:\/\/morganflipper.fr\/wp-content\/uploads\/2023\/01\/006-1536x1152.jpg 1536w, https:\/\/morganflipper.fr\/wp-content\/uploads\/2023\/01\/006-4032x3024.jpg 4032w\" sizes=\"auto, (max-width: 4032px) 100vw, 4032px\" \/><\/figure>\n\n\n\n<p class=\"wp-block-paragraph\">To buy It send me a mail<\/p>\n\n\n\n<p class=\"wp-block-paragraph\"><\/p>\n\n\n\n<figure class=\"wp-block-image size-full\"><img loading=\"lazy\" decoding=\"async\" width=\"1600\" height=\"1200\" src=\"https:\/\/morganflipper.fr\/wp-content\/uploads\/2022\/01\/BIG-BANG-BAR.jpg\" alt=\"morganflipper\" class=\"wp-image-763\" srcset=\"https:\/\/morganflipper.fr\/wp-content\/uploads\/2022\/01\/BIG-BANG-BAR-300x225.jpg 300w, https:\/\/morganflipper.fr\/wp-content\/uploads\/2022\/01\/BIG-BANG-BAR-500x375.jpg 500w, https:\/\/morganflipper.fr\/wp-content\/uploads\/2022\/01\/BIG-BANG-BAR-700x525.jpg 700w, https:\/\/morganflipper.fr\/wp-content\/uploads\/2022\/01\/BIG-BANG-BAR-768x576.jpg 768w, https:\/\/morganflipper.fr\/wp-content\/uploads\/2022\/01\/BIG-BANG-BAR-1024x768.jpg 1024w, https:\/\/morganflipper.fr\/wp-content\/uploads\/2022\/01\/BIG-BANG-BAR-1536x1152.jpg 1536w, https:\/\/morganflipper.fr\/wp-content\/uploads\/2022\/01\/BIG-BANG-BAR.jpg 1600w\" sizes=\"auto, (max-width: 1600px) 100vw, 1600px\" \/><figcaption class=\"wp-element-caption\"><a href=\"https:\/\/www.youtube.com\/watch?v=tHyL5ZNar6g\">Le Big Bang Bar<\/a>&#8230; quel dommage que ce flipper de Capcom n&rsquo;ai pas eu droit \u00e0 une production plus importante. Le th\u00e8me est simplement exceptionnel dans un style Science Fiction Sexy Comique. Pour les lecteurs de SF, l&rsquo;ambiance me fait penser Au Dernier Restaurant Avant La Fin Du Monde que l&rsquo;on retrouve dans le bouquin H2G2. Absolument tout est g\u00e9nial sur ce jeu : Esth\u00e9tique, Gameplay et Bande son. Il fait parti \u00e0 mon sens des 3 meilleurs flippers des ann\u00e9es 90. J&rsquo;ai eu l&rsquo;opportunit\u00e9 de tester ce flip chez un pro il y a quelques ann\u00e9es.<\/figcaption><\/figure>\n","protected":false},"excerpt":{"rendered":"<p>Photos Flippers Place aux photos diverses et vari\u00e9es mais toujours en relation avec les flippers. La galerie est l\u00e0 pour<\/p>\n","protected":false},"author":1,"featured_media":0,"parent":0,"menu_order":0,"comment_status":"closed","ping_status":"closed","template":"","meta":{"colormag_page_container_layout":"default_layout","colormag_page_sidebar_layout":"default_layout","_crdt_document":"","footnotes":""},"class_list":["post-230","page","type-page","status-publish","hentry"],"yoast_head":"<!-- This site is optimized with the Yoast SEO plugin v27.5 - https:\/\/yoast.com\/product\/yoast-seo-wordpress\/ -->\n<title>Galerie Photo - Morgan Flipper<\/title>\n<meta name=\"description\" content=\"Place aux photos diverses et vari\u00e9es de flippers. Ou simplement un endroit avec des photos en rapport avec le flipper morganflipper\" \/>\n<meta name=\"robots\" content=\"index, follow, max-snippet:-1, max-image-preview:large, max-video-preview:-1\" \/>\n<link rel=\"canonical\" href=\"https:\/\/morganflipper.fr\/index.php\/photos-flippers-morganflipper\/\" \/>\n<meta property=\"og:locale\" content=\"fr_FR\" \/>\n<meta property=\"og:type\" content=\"article\" \/>\n<meta property=\"og:title\" content=\"Galerie Photo - Morgan Flipper\" \/>\n<meta property=\"og:description\" content=\"Place aux photos diverses et vari\u00e9es de flippers. Ou simplement un endroit avec des photos en rapport avec le flipper morganflipper\" \/>\n<meta property=\"og:url\" content=\"https:\/\/morganflipper.fr\/index.php\/photos-flippers-morganflipper\/\" \/>\n<meta property=\"og:site_name\" content=\"Morgan Flipper\" \/>\n<meta property=\"article:modified_time\" content=\"2023-01-20T20:19:31+00:00\" \/>\n<meta property=\"og:image\" content=\"https:\/\/morganflipper.fr\/wp-content\/uploads\/2022\/01\/IMG_5743-scaled.jpg\" \/>\n<meta name=\"twitter:card\" content=\"summary_large_image\" \/>\n<meta name=\"twitter:label1\" content=\"Dur\u00e9e de lecture estim\u00e9e\" \/>\n\t<meta name=\"twitter:data1\" content=\"2 minutes\" \/>\n<script type=\"application\/ld+json\" class=\"yoast-schema-graph\">{\"@context\":\"https:\\\/\\\/schema.org\",\"@graph\":[{\"@type\":\"WebPage\",\"@id\":\"https:\\\/\\\/morganflipper.fr\\\/index.php\\\/photos-flippers-morganflipper\\\/\",\"url\":\"https:\\\/\\\/morganflipper.fr\\\/index.php\\\/photos-flippers-morganflipper\\\/\",\"name\":\"Galerie Photo - Morgan Flipper\",\"isPartOf\":{\"@id\":\"https:\\\/\\\/morganflipper.fr\\\/#website\"},\"primaryImageOfPage\":{\"@id\":\"https:\\\/\\\/morganflipper.fr\\\/index.php\\\/photos-flippers-morganflipper\\\/#primaryimage\"},\"image\":{\"@id\":\"https:\\\/\\\/morganflipper.fr\\\/index.php\\\/photos-flippers-morganflipper\\\/#primaryimage\"},\"thumbnailUrl\":\"https:\\\/\\\/morganflipper.fr\\\/wp-content\\\/uploads\\\/2022\\\/01\\\/IMG_5743-scaled.jpg\",\"datePublished\":\"2021-12-08T11:26:17+00:00\",\"dateModified\":\"2023-01-20T20:19:31+00:00\",\"description\":\"Place aux photos diverses et vari\u00e9es de flippers. Ou simplement un endroit avec des photos en rapport avec le flipper morganflipper\",\"breadcrumb\":{\"@id\":\"https:\\\/\\\/morganflipper.fr\\\/index.php\\\/photos-flippers-morganflipper\\\/#breadcrumb\"},\"inLanguage\":\"fr-FR\",\"potentialAction\":[{\"@type\":\"ReadAction\",\"target\":[\"https:\\\/\\\/morganflipper.fr\\\/index.php\\\/photos-flippers-morganflipper\\\/\"]}]},{\"@type\":\"ImageObject\",\"inLanguage\":\"fr-FR\",\"@id\":\"https:\\\/\\\/morganflipper.fr\\\/index.php\\\/photos-flippers-morganflipper\\\/#primaryimage\",\"url\":\"https:\\\/\\\/morganflipper.fr\\\/wp-content\\\/uploads\\\/2022\\\/01\\\/IMG_5743-scaled.jpg\",\"contentUrl\":\"https:\\\/\\\/morganflipper.fr\\\/wp-content\\\/uploads\\\/2022\\\/01\\\/IMG_5743-scaled.jpg\",\"width\":2560,\"height\":1440},{\"@type\":\"BreadcrumbList\",\"@id\":\"https:\\\/\\\/morganflipper.fr\\\/index.php\\\/photos-flippers-morganflipper\\\/#breadcrumb\",\"itemListElement\":[{\"@type\":\"ListItem\",\"position\":1,\"name\":\"Accueil\",\"item\":\"https:\\\/\\\/morganflipper.fr\\\/\"},{\"@type\":\"ListItem\",\"position\":2,\"name\":\"Galerie Photo\"}]},{\"@type\":\"WebSite\",\"@id\":\"https:\\\/\\\/morganflipper.fr\\\/#website\",\"url\":\"https:\\\/\\\/morganflipper.fr\\\/\",\"name\":\"Morgan Flipper\",\"description\":\"\",\"publisher\":{\"@id\":\"https:\\\/\\\/morganflipper.fr\\\/#organization\"},\"potentialAction\":[{\"@type\":\"SearchAction\",\"target\":{\"@type\":\"EntryPoint\",\"urlTemplate\":\"https:\\\/\\\/morganflipper.fr\\\/?s={search_term_string}\"},\"query-input\":{\"@type\":\"PropertyValueSpecification\",\"valueRequired\":true,\"valueName\":\"search_term_string\"}}],\"inLanguage\":\"fr-FR\"},{\"@type\":\"Organization\",\"@id\":\"https:\\\/\\\/morganflipper.fr\\\/#organization\",\"name\":\"Morgan Flipper\",\"url\":\"https:\\\/\\\/morganflipper.fr\\\/\",\"logo\":{\"@type\":\"ImageObject\",\"inLanguage\":\"fr-FR\",\"@id\":\"https:\\\/\\\/morganflipper.fr\\\/#\\\/schema\\\/logo\\\/image\\\/\",\"url\":\"https:\\\/\\\/morganflipper.fr\\\/wp-content\\\/uploads\\\/2021\\\/12\\\/cropped-cropped-Illustration_sans_titre-1-e1639147858641.png\",\"contentUrl\":\"https:\\\/\\\/morganflipper.fr\\\/wp-content\\\/uploads\\\/2021\\\/12\\\/cropped-cropped-Illustration_sans_titre-1-e1639147858641.png\",\"width\":100,\"height\":100,\"caption\":\"Morgan Flipper\"},\"image\":{\"@id\":\"https:\\\/\\\/morganflipper.fr\\\/#\\\/schema\\\/logo\\\/image\\\/\"}}]}<\/script>\n<!-- \/ Yoast SEO plugin. -->","yoast_head_json":{"title":"Galerie Photo - Morgan Flipper","description":"Place aux photos diverses et vari\u00e9es de flippers. Ou simplement un endroit avec des photos en rapport avec le flipper morganflipper","robots":{"index":"index","follow":"follow","max-snippet":"max-snippet:-1","max-image-preview":"max-image-preview:large","max-video-preview":"max-video-preview:-1"},"canonical":"https:\/\/morganflipper.fr\/index.php\/photos-flippers-morganflipper\/","og_locale":"fr_FR","og_type":"article","og_title":"Galerie Photo - Morgan Flipper","og_description":"Place aux photos diverses et vari\u00e9es de flippers. Ou simplement un endroit avec des photos en rapport avec le flipper morganflipper","og_url":"https:\/\/morganflipper.fr\/index.php\/photos-flippers-morganflipper\/","og_site_name":"Morgan Flipper","article_modified_time":"2023-01-20T20:19:31+00:00","og_image":[{"url":"https:\/\/morganflipper.fr\/wp-content\/uploads\/2022\/01\/IMG_5743-scaled.jpg","type":"","width":"","height":""}],"twitter_card":"summary_large_image","twitter_misc":{"Dur\u00e9e de lecture estim\u00e9e":"2 minutes"},"schema":{"@context":"https:\/\/schema.org","@graph":[{"@type":"WebPage","@id":"https:\/\/morganflipper.fr\/index.php\/photos-flippers-morganflipper\/","url":"https:\/\/morganflipper.fr\/index.php\/photos-flippers-morganflipper\/","name":"Galerie Photo - Morgan Flipper","isPartOf":{"@id":"https:\/\/morganflipper.fr\/#website"},"primaryImageOfPage":{"@id":"https:\/\/morganflipper.fr\/index.php\/photos-flippers-morganflipper\/#primaryimage"},"image":{"@id":"https:\/\/morganflipper.fr\/index.php\/photos-flippers-morganflipper\/#primaryimage"},"thumbnailUrl":"https:\/\/morganflipper.fr\/wp-content\/uploads\/2022\/01\/IMG_5743-scaled.jpg","datePublished":"2021-12-08T11:26:17+00:00","dateModified":"2023-01-20T20:19:31+00:00","description":"Place aux photos diverses et vari\u00e9es de flippers. Ou simplement un endroit avec des photos en rapport avec le flipper morganflipper","breadcrumb":{"@id":"https:\/\/morganflipper.fr\/index.php\/photos-flippers-morganflipper\/#breadcrumb"},"inLanguage":"fr-FR","potentialAction":[{"@type":"ReadAction","target":["https:\/\/morganflipper.fr\/index.php\/photos-flippers-morganflipper\/"]}]},{"@type":"ImageObject","inLanguage":"fr-FR","@id":"https:\/\/morganflipper.fr\/index.php\/photos-flippers-morganflipper\/#primaryimage","url":"https:\/\/morganflipper.fr\/wp-content\/uploads\/2022\/01\/IMG_5743-scaled.jpg","contentUrl":"https:\/\/morganflipper.fr\/wp-content\/uploads\/2022\/01\/IMG_5743-scaled.jpg","width":2560,"height":1440},{"@type":"BreadcrumbList","@id":"https:\/\/morganflipper.fr\/index.php\/photos-flippers-morganflipper\/#breadcrumb","itemListElement":[{"@type":"ListItem","position":1,"name":"Accueil","item":"https:\/\/morganflipper.fr\/"},{"@type":"ListItem","position":2,"name":"Galerie Photo"}]},{"@type":"WebSite","@id":"https:\/\/morganflipper.fr\/#website","url":"https:\/\/morganflipper.fr\/","name":"Morgan Flipper","description":"","publisher":{"@id":"https:\/\/morganflipper.fr\/#organization"},"potentialAction":[{"@type":"SearchAction","target":{"@type":"EntryPoint","urlTemplate":"https:\/\/morganflipper.fr\/?s={search_term_string}"},"query-input":{"@type":"PropertyValueSpecification","valueRequired":true,"valueName":"search_term_string"}}],"inLanguage":"fr-FR"},{"@type":"Organization","@id":"https:\/\/morganflipper.fr\/#organization","name":"Morgan Flipper","url":"https:\/\/morganflipper.fr\/","logo":{"@type":"ImageObject","inLanguage":"fr-FR","@id":"https:\/\/morganflipper.fr\/#\/schema\/logo\/image\/","url":"https:\/\/morganflipper.fr\/wp-content\/uploads\/2021\/12\/cropped-cropped-Illustration_sans_titre-1-e1639147858641.png","contentUrl":"https:\/\/morganflipper.fr\/wp-content\/uploads\/2021\/12\/cropped-cropped-Illustration_sans_titre-1-e1639147858641.png","width":100,"height":100,"caption":"Morgan Flipper"},"image":{"@id":"https:\/\/morganflipper.fr\/#\/schema\/logo\/image\/"}}]}},"_links":{"self":[{"href":"https:\/\/morganflipper.fr\/index.php\/wp-json\/wp\/v2\/pages\/230","targetHints":{"allow":["GET"]}}],"collection":[{"href":"https:\/\/morganflipper.fr\/index.php\/wp-json\/wp\/v2\/pages"}],"about":[{"href":"https:\/\/morganflipper.fr\/index.php\/wp-json\/wp\/v2\/types\/page"}],"author":[{"embeddable":true,"href":"https:\/\/morganflipper.fr\/index.php\/wp-json\/wp\/v2\/users\/1"}],"replies":[{"embeddable":true,"href":"https:\/\/morganflipper.fr\/index.php\/wp-json\/wp\/v2\/comments?post=230"}],"version-history":[{"count":24,"href":"https:\/\/morganflipper.fr\/index.php\/wp-json\/wp\/v2\/pages\/230\/revisions"}],"predecessor-version":[{"id":2123,"href":"https:\/\/morganflipper.fr\/index.php\/wp-json\/wp\/v2\/pages\/230\/revisions\/2123"}],"wp:attachment":[{"href":"https:\/\/morganflipper.fr\/index.php\/wp-json\/wp\/v2\/media?parent=230"}],"curies":[{"name":"wp","href":"https:\/\/api.w.org\/{rel}","templated":true}]}}