{"id":838,"date":"2022-02-04T13:14:22","date_gmt":"2022-02-04T12:14:22","guid":{"rendered":"https:\/\/morganflipper.fr\/?page_id=838"},"modified":"2022-02-14T19:11:22","modified_gmt":"2022-02-14T18:11:22","slug":"partenaires-flippers-morgan-morganflipper","status":"publish","type":"page","link":"https:\/\/morganflipper.fr\/index.php\/partenaires-flippers-morgan-morganflipper\/","title":{"rendered":"Partenaires"},"content":{"rendered":"\n<p class=\"wp-block-paragraph\">Vous trouverez ci-dessous les sites partenaires de mes amis :<br><\/p>\n\n\n\n<p class=\"wp-block-paragraph\"><a href=\"https:\/\/fr-fr.facebook.com\/TheGunhedTV\/\">Gunhed<\/a> et sa cha\u00eene Youtube <a href=\"https:\/\/www.youtube.com\/c\/GunhedTV\">Gunhed TV<\/a> saura vous ravir avec une mine d&rsquo;informations sur l&rsquo;univers du jeu vid\u00e9o.<br>Il est notamment l&rsquo;auteur des <a href=\"https:\/\/www.amazon.fr\/Chroniques-Gunhed-TV-consoles-maudites\/dp\/B09BY818NN\">Chroniques de Gunhed TV Vol 1 &amp; 2<\/a> et <a href=\"http:\/\/www.gunhedtv.com\/2017\/07\/la-bible-pc-engine-volume-1-2.html?spref=pi\">La Bible PC Engine Volume 1 &amp; 2<\/a>.<br>Il a aussi r\u00e9alis\u00e9 2 vid\u00e9os sur les flips : <a href=\"https:\/\/www.youtube.com\/watch?v=oHL-YGLjKEo&amp;t=675s\">Je vais flipper chez Morgan<\/a> et <a href=\"https:\/\/www.youtube.com\/watch?v=97k-F_JeKE4\">On parle de l&rsquo;univers du flipper avec Morgan<\/a>.<\/p>\n\n\n\n<figure class=\"wp-block-image size-full\"><a href=\"https:\/\/www.youtube.com\/results?search_query=gunhedtv\"><img loading=\"lazy\" decoding=\"async\" width=\"1344\" height=\"215\" src=\"https:\/\/morganflipper.fr\/wp-content\/uploads\/2022\/02\/Gunhedtv-1.jpg\" alt=\"Partenaires\" class=\"wp-image-845\" srcset=\"https:\/\/morganflipper.fr\/wp-content\/uploads\/2022\/02\/Gunhedtv-1-300x48.jpg 300w, https:\/\/morganflipper.fr\/wp-content\/uploads\/2022\/02\/Gunhedtv-1-500x80.jpg 500w, https:\/\/morganflipper.fr\/wp-content\/uploads\/2022\/02\/Gunhedtv-1-700x112.jpg 700w, https:\/\/morganflipper.fr\/wp-content\/uploads\/2022\/02\/Gunhedtv-1-768x123.jpg 768w, https:\/\/morganflipper.fr\/wp-content\/uploads\/2022\/02\/Gunhedtv-1-1024x164.jpg 1024w, https:\/\/morganflipper.fr\/wp-content\/uploads\/2022\/02\/Gunhedtv-1.jpg 1344w\" sizes=\"auto, (max-width: 1344px) 100vw, 1344px\" \/><\/a><figcaption>morganflipper<\/figcaption><\/figure>\n\n\n\n<hr class=\"wp-block-separator\"\/>\n\n\n\n<p class=\"wp-block-paragraph\">Alexandre et sa cha\u00eene <a href=\"https:\/\/www.youtube.com\/channel\/UC5BrIsMQjFpXicdc9bCyDsQ\">OverdriveAM<\/a> vous fera d\u00e9couvrir sa passion de l&rsquo;automobile, des <a href=\"https:\/\/www.youtube.com\/watch?v=26nU7P6bt3I&amp;list=PLsLSFSBsW_Ij4nAd4OADuZwX1f8Ai4I1s\">youngtimers<\/a>  jusqu&rsquo;aux grands classiques <a href=\"https:\/\/www.youtube.com\/watch?v=yR94eMUuvN8\">Porsche 996<\/a> et <a href=\"https:\/\/www.youtube.com\/watch?v=1ur5Pldv03g\">Aston Martin DB7<\/a>. C&rsquo;est \u00e9galement un passionn\u00e9 de <a href=\"https:\/\/morganflipper.fr\/index.php\/2021\/12\/13\/test-avis-flipper-jurassic-park-data-east\/\">flipper<\/a>.<\/p>\n\n\n\n<figure class=\"wp-block-image size-full\"><a href=\"https:\/\/www.youtube.com\/channel\/UC5BrIsMQjFpXicdc9bCyDsQ\" target=\"_blank\" rel=\"noopener\"><img loading=\"lazy\" decoding=\"async\" width=\"1338\" height=\"216\" src=\"https:\/\/morganflipper.fr\/wp-content\/uploads\/2022\/02\/OverdriveAM-1.jpg\" alt=\"Partenaires\" class=\"wp-image-841\" srcset=\"https:\/\/morganflipper.fr\/wp-content\/uploads\/2022\/02\/OverdriveAM-1-300x48.jpg 300w, https:\/\/morganflipper.fr\/wp-content\/uploads\/2022\/02\/OverdriveAM-1-500x81.jpg 500w, https:\/\/morganflipper.fr\/wp-content\/uploads\/2022\/02\/OverdriveAM-1-700x113.jpg 700w, https:\/\/morganflipper.fr\/wp-content\/uploads\/2022\/02\/OverdriveAM-1-768x124.jpg 768w, https:\/\/morganflipper.fr\/wp-content\/uploads\/2022\/02\/OverdriveAM-1-1024x165.jpg 1024w, https:\/\/morganflipper.fr\/wp-content\/uploads\/2022\/02\/OverdriveAM-1.jpg 1338w\" sizes=\"auto, (max-width: 1338px) 100vw, 1338px\" \/><\/a><figcaption>morganflipper<\/figcaption><\/figure>\n\n\n\n<p class=\"wp-block-paragraph\">N&rsquo;h\u00e9sitez pas \u00e0 consulter les sites partenaires.<\/p>\n","protected":false},"excerpt":{"rendered":"<p>Vous trouverez ci-dessous les sites partenaires de mes amis : Gunhed et sa cha\u00eene Youtube Gunhed TV saura vous ravir<\/p>\n","protected":false},"author":1,"featured_media":0,"parent":0,"menu_order":0,"comment_status":"closed","ping_status":"closed","template":"","meta":{"colormag_page_container_layout":"default_layout","colormag_page_sidebar_layout":"default_layout","_crdt_document":"","footnotes":""},"class_list":["post-838","page","type-page","status-publish","hentry"],"yoast_head":"<!-- This site is optimized with the Yoast SEO plugin v27.5 - https:\/\/yoast.com\/product\/yoast-seo-wordpress\/ -->\n<title>Partenaires - Morgan Flipper<\/title>\n<meta name=\"description\" content=\"Ici vous trouverez la liste des mes partenaires issus d&#039;autres passions mais tous fans de flippers, visitez leurs chaines morganflipper\" \/>\n<meta name=\"robots\" content=\"index, follow, max-snippet:-1, max-image-preview:large, max-video-preview:-1\" \/>\n<link rel=\"canonical\" href=\"https:\/\/morganflipper.fr\/index.php\/partenaires-flippers-morgan-morganflipper\/\" \/>\n<meta property=\"og:locale\" content=\"fr_FR\" \/>\n<meta property=\"og:type\" content=\"article\" \/>\n<meta property=\"og:title\" content=\"Partenaires - Morgan Flipper\" \/>\n<meta property=\"og:description\" content=\"Ici vous trouverez la liste des mes partenaires issus d&#039;autres passions mais tous fans de flippers, visitez leurs chaines morganflipper\" \/>\n<meta property=\"og:url\" content=\"https:\/\/morganflipper.fr\/index.php\/partenaires-flippers-morgan-morganflipper\/\" \/>\n<meta property=\"og:site_name\" content=\"Morgan Flipper\" \/>\n<meta property=\"article:modified_time\" content=\"2022-02-14T18:11:22+00:00\" \/>\n<meta property=\"og:image\" content=\"https:\/\/morganflipper.fr\/wp-content\/uploads\/2022\/02\/Gunhedtv-1.jpg\" \/>\n<meta name=\"twitter:card\" content=\"summary_large_image\" \/>\n<meta name=\"twitter:label1\" content=\"Dur\u00e9e de lecture estim\u00e9e\" \/>\n\t<meta name=\"twitter:data1\" content=\"1 minute\" \/>\n<script type=\"application\/ld+json\" class=\"yoast-schema-graph\">{\"@context\":\"https:\\\/\\\/schema.org\",\"@graph\":[{\"@type\":\"WebPage\",\"@id\":\"https:\\\/\\\/morganflipper.fr\\\/index.php\\\/partenaires-flippers-morgan-morganflipper\\\/\",\"url\":\"https:\\\/\\\/morganflipper.fr\\\/index.php\\\/partenaires-flippers-morgan-morganflipper\\\/\",\"name\":\"Partenaires - Morgan Flipper\",\"isPartOf\":{\"@id\":\"https:\\\/\\\/morganflipper.fr\\\/#website\"},\"primaryImageOfPage\":{\"@id\":\"https:\\\/\\\/morganflipper.fr\\\/index.php\\\/partenaires-flippers-morgan-morganflipper\\\/#primaryimage\"},\"image\":{\"@id\":\"https:\\\/\\\/morganflipper.fr\\\/index.php\\\/partenaires-flippers-morgan-morganflipper\\\/#primaryimage\"},\"thumbnailUrl\":\"https:\\\/\\\/morganflipper.fr\\\/wp-content\\\/uploads\\\/2022\\\/02\\\/Gunhedtv-1.jpg\",\"datePublished\":\"2022-02-04T12:14:22+00:00\",\"dateModified\":\"2022-02-14T18:11:22+00:00\",\"description\":\"Ici vous trouverez la liste des mes partenaires issus d'autres passions mais tous fans de flippers, visitez leurs chaines morganflipper\",\"breadcrumb\":{\"@id\":\"https:\\\/\\\/morganflipper.fr\\\/index.php\\\/partenaires-flippers-morgan-morganflipper\\\/#breadcrumb\"},\"inLanguage\":\"fr-FR\",\"potentialAction\":[{\"@type\":\"ReadAction\",\"target\":[\"https:\\\/\\\/morganflipper.fr\\\/index.php\\\/partenaires-flippers-morgan-morganflipper\\\/\"]}]},{\"@type\":\"ImageObject\",\"inLanguage\":\"fr-FR\",\"@id\":\"https:\\\/\\\/morganflipper.fr\\\/index.php\\\/partenaires-flippers-morgan-morganflipper\\\/#primaryimage\",\"url\":\"https:\\\/\\\/morganflipper.fr\\\/wp-content\\\/uploads\\\/2022\\\/02\\\/Gunhedtv-1.jpg\",\"contentUrl\":\"https:\\\/\\\/morganflipper.fr\\\/wp-content\\\/uploads\\\/2022\\\/02\\\/Gunhedtv-1.jpg\",\"width\":1344,\"height\":215},{\"@type\":\"BreadcrumbList\",\"@id\":\"https:\\\/\\\/morganflipper.fr\\\/index.php\\\/partenaires-flippers-morgan-morganflipper\\\/#breadcrumb\",\"itemListElement\":[{\"@type\":\"ListItem\",\"position\":1,\"name\":\"Accueil\",\"item\":\"https:\\\/\\\/morganflipper.fr\\\/\"},{\"@type\":\"ListItem\",\"position\":2,\"name\":\"Partenaires\"}]},{\"@type\":\"WebSite\",\"@id\":\"https:\\\/\\\/morganflipper.fr\\\/#website\",\"url\":\"https:\\\/\\\/morganflipper.fr\\\/\",\"name\":\"Morgan Flipper\",\"description\":\"\",\"publisher\":{\"@id\":\"https:\\\/\\\/morganflipper.fr\\\/#organization\"},\"potentialAction\":[{\"@type\":\"SearchAction\",\"target\":{\"@type\":\"EntryPoint\",\"urlTemplate\":\"https:\\\/\\\/morganflipper.fr\\\/?s={search_term_string}\"},\"query-input\":{\"@type\":\"PropertyValueSpecification\",\"valueRequired\":true,\"valueName\":\"search_term_string\"}}],\"inLanguage\":\"fr-FR\"},{\"@type\":\"Organization\",\"@id\":\"https:\\\/\\\/morganflipper.fr\\\/#organization\",\"name\":\"Morgan Flipper\",\"url\":\"https:\\\/\\\/morganflipper.fr\\\/\",\"logo\":{\"@type\":\"ImageObject\",\"inLanguage\":\"fr-FR\",\"@id\":\"https:\\\/\\\/morganflipper.fr\\\/#\\\/schema\\\/logo\\\/image\\\/\",\"url\":\"https:\\\/\\\/morganflipper.fr\\\/wp-content\\\/uploads\\\/2021\\\/12\\\/cropped-cropped-Illustration_sans_titre-1-e1639147858641.png\",\"contentUrl\":\"https:\\\/\\\/morganflipper.fr\\\/wp-content\\\/uploads\\\/2021\\\/12\\\/cropped-cropped-Illustration_sans_titre-1-e1639147858641.png\",\"width\":100,\"height\":100,\"caption\":\"Morgan Flipper\"},\"image\":{\"@id\":\"https:\\\/\\\/morganflipper.fr\\\/#\\\/schema\\\/logo\\\/image\\\/\"}}]}<\/script>\n<!-- \/ Yoast SEO plugin. -->","yoast_head_json":{"title":"Partenaires - Morgan Flipper","description":"Ici vous trouverez la liste des mes partenaires issus d'autres passions mais tous fans de flippers, visitez leurs chaines morganflipper","robots":{"index":"index","follow":"follow","max-snippet":"max-snippet:-1","max-image-preview":"max-image-preview:large","max-video-preview":"max-video-preview:-1"},"canonical":"https:\/\/morganflipper.fr\/index.php\/partenaires-flippers-morgan-morganflipper\/","og_locale":"fr_FR","og_type":"article","og_title":"Partenaires - Morgan Flipper","og_description":"Ici vous trouverez la liste des mes partenaires issus d'autres passions mais tous fans de flippers, visitez leurs chaines morganflipper","og_url":"https:\/\/morganflipper.fr\/index.php\/partenaires-flippers-morgan-morganflipper\/","og_site_name":"Morgan Flipper","article_modified_time":"2022-02-14T18:11:22+00:00","og_image":[{"url":"https:\/\/morganflipper.fr\/wp-content\/uploads\/2022\/02\/Gunhedtv-1.jpg","type":"","width":"","height":""}],"twitter_card":"summary_large_image","twitter_misc":{"Dur\u00e9e de lecture estim\u00e9e":"1 minute"},"schema":{"@context":"https:\/\/schema.org","@graph":[{"@type":"WebPage","@id":"https:\/\/morganflipper.fr\/index.php\/partenaires-flippers-morgan-morganflipper\/","url":"https:\/\/morganflipper.fr\/index.php\/partenaires-flippers-morgan-morganflipper\/","name":"Partenaires - Morgan Flipper","isPartOf":{"@id":"https:\/\/morganflipper.fr\/#website"},"primaryImageOfPage":{"@id":"https:\/\/morganflipper.fr\/index.php\/partenaires-flippers-morgan-morganflipper\/#primaryimage"},"image":{"@id":"https:\/\/morganflipper.fr\/index.php\/partenaires-flippers-morgan-morganflipper\/#primaryimage"},"thumbnailUrl":"https:\/\/morganflipper.fr\/wp-content\/uploads\/2022\/02\/Gunhedtv-1.jpg","datePublished":"2022-02-04T12:14:22+00:00","dateModified":"2022-02-14T18:11:22+00:00","description":"Ici vous trouverez la liste des mes partenaires issus d'autres passions mais tous fans de flippers, visitez leurs chaines morganflipper","breadcrumb":{"@id":"https:\/\/morganflipper.fr\/index.php\/partenaires-flippers-morgan-morganflipper\/#breadcrumb"},"inLanguage":"fr-FR","potentialAction":[{"@type":"ReadAction","target":["https:\/\/morganflipper.fr\/index.php\/partenaires-flippers-morgan-morganflipper\/"]}]},{"@type":"ImageObject","inLanguage":"fr-FR","@id":"https:\/\/morganflipper.fr\/index.php\/partenaires-flippers-morgan-morganflipper\/#primaryimage","url":"https:\/\/morganflipper.fr\/wp-content\/uploads\/2022\/02\/Gunhedtv-1.jpg","contentUrl":"https:\/\/morganflipper.fr\/wp-content\/uploads\/2022\/02\/Gunhedtv-1.jpg","width":1344,"height":215},{"@type":"BreadcrumbList","@id":"https:\/\/morganflipper.fr\/index.php\/partenaires-flippers-morgan-morganflipper\/#breadcrumb","itemListElement":[{"@type":"ListItem","position":1,"name":"Accueil","item":"https:\/\/morganflipper.fr\/"},{"@type":"ListItem","position":2,"name":"Partenaires"}]},{"@type":"WebSite","@id":"https:\/\/morganflipper.fr\/#website","url":"https:\/\/morganflipper.fr\/","name":"Morgan Flipper","description":"","publisher":{"@id":"https:\/\/morganflipper.fr\/#organization"},"potentialAction":[{"@type":"SearchAction","target":{"@type":"EntryPoint","urlTemplate":"https:\/\/morganflipper.fr\/?s={search_term_string}"},"query-input":{"@type":"PropertyValueSpecification","valueRequired":true,"valueName":"search_term_string"}}],"inLanguage":"fr-FR"},{"@type":"Organization","@id":"https:\/\/morganflipper.fr\/#organization","name":"Morgan Flipper","url":"https:\/\/morganflipper.fr\/","logo":{"@type":"ImageObject","inLanguage":"fr-FR","@id":"https:\/\/morganflipper.fr\/#\/schema\/logo\/image\/","url":"https:\/\/morganflipper.fr\/wp-content\/uploads\/2021\/12\/cropped-cropped-Illustration_sans_titre-1-e1639147858641.png","contentUrl":"https:\/\/morganflipper.fr\/wp-content\/uploads\/2021\/12\/cropped-cropped-Illustration_sans_titre-1-e1639147858641.png","width":100,"height":100,"caption":"Morgan Flipper"},"image":{"@id":"https:\/\/morganflipper.fr\/#\/schema\/logo\/image\/"}}]}},"_links":{"self":[{"href":"https:\/\/morganflipper.fr\/index.php\/wp-json\/wp\/v2\/pages\/838","targetHints":{"allow":["GET"]}}],"collection":[{"href":"https:\/\/morganflipper.fr\/index.php\/wp-json\/wp\/v2\/pages"}],"about":[{"href":"https:\/\/morganflipper.fr\/index.php\/wp-json\/wp\/v2\/types\/page"}],"author":[{"embeddable":true,"href":"https:\/\/morganflipper.fr\/index.php\/wp-json\/wp\/v2\/users\/1"}],"replies":[{"embeddable":true,"href":"https:\/\/morganflipper.fr\/index.php\/wp-json\/wp\/v2\/comments?post=838"}],"version-history":[{"count":9,"href":"https:\/\/morganflipper.fr\/index.php\/wp-json\/wp\/v2\/pages\/838\/revisions"}],"predecessor-version":[{"id":1202,"href":"https:\/\/morganflipper.fr\/index.php\/wp-json\/wp\/v2\/pages\/838\/revisions\/1202"}],"wp:attachment":[{"href":"https:\/\/morganflipper.fr\/index.php\/wp-json\/wp\/v2\/media?parent=838"}],"curies":[{"name":"wp","href":"https:\/\/api.w.org\/{rel}","templated":true}]}}